{"id":1956,"date":"2023-09-10T16:01:42","date_gmt":"2023-09-10T14:01:43","guid":{"rendered":"https:\/\/editions-midi.com\/?post_type=product&#038;p=1956"},"modified":"2023-11-24T16:08:23","modified_gmt":"2023-11-24T15:08:23","slug":"cadieras-copie","status":"publish","type":"product","link":"https:\/\/editions-midi.com\/oc\/produit\/cadieras-copie\/","title":{"rendered":"Ageinouiadou"},"content":{"rendered":"<p>Aqu\u00e9u moud\u00e8le es ispira de la cadiero de nourri\u00e7o que sa marco es uno assiso for\u00e7o basso em\u2019un doursi\u00e9 proun aut. \u00c0 passa t\u00e8ms, la nourri\u00e7o emplegavo aquelo cadiero p\u00e8r abali lou nistoun au cantounet d\u00f3u fi\u00f2 vo, d&#8217;un biais mai generau, p\u00e8r \u00e8stre au meme plan. De cadiero poudien tamb\u00e8n servi de Pr\u00e8go-Di\u00e9u, d\u2019ageinouiadou. Sa moulounado de barr\u00e8u permeton de i\u00a0\u00e9 pendoula emai de i\u2019estigan\u00e7a v\u00f2sti v\u00e8sti, servieto\u2026de bouta proche soun li\u00e9 vo dins la salo de ban.<\/p>\n","protected":false},"excerpt":{"rendered":"<p><strong>Finicioun <\/strong>: Roure massis e paio naturalo<\/p>\n<p><strong>Dimensioun<\/strong> : L. 55 cm \u00d7 prouf. 53 cm \u00d7 Aut. 80 cm<\/p>\n<p><strong>Acouidadou<\/strong> : Aut. 67 cm<\/p>\n<p><strong>Ass\u00e8ti<\/strong> : Aut. 45 cm<\/p>\n<p><strong>Pes<\/strong> : 6 kg<\/p>\n","protected":false},"featured_media":2348,"template":"","meta":{"_acf_changed":false},"product_brand":[],"product_cat":[48],"product_tag":[],"class_list":{"0":"post-1956","1":"product","2":"type-product","3":"status-publish","4":"has-post-thumbnail","6":"product_cat-non-classe-oc","8":"first","9":"instock","10":"taxable","11":"shipping-taxable","12":"purchasable","13":"product-type-simple"},"acf":[],"yoast_head":"<!-- This site is optimized with the Yoast SEO plugin v27.2 - https:\/\/yoast.com\/product\/yoast-seo-wordpress\/ -->\n<title>Ageinouiadou - \u00e9ditions Midi<\/title>\n<meta name=\"robots\" content=\"index, follow, max-snippet:-1, max-image-preview:large, max-video-preview:-1\" \/>\n<link rel=\"canonical\" href=\"https:\/\/editions-midi.com\/produit\/ageinouiadou\/\" \/>\n<meta property=\"og:locale\" content=\"fr_FR\" \/>\n<meta property=\"og:type\" content=\"article\" \/>\n<meta property=\"og:title\" content=\"Ageinouiadou - \u00e9ditions Midi\" \/>\n<meta property=\"og:description\" content=\"Finicioun : Roure massis e paio naturalo  Dimensioun : L. 55 cm \u00d7 prouf. 53 cm \u00d7 Aut. 80 cm  Acouidadou : Aut. 67 cm  Ass\u00e8ti : Aut. 45 cm  Pes : 6 kg\" \/>\n<meta property=\"og:url\" content=\"https:\/\/editions-midi.com\/produit\/ageinouiadou\/\" \/>\n<meta property=\"og:site_name\" content=\"\u00e9ditions Midi\" \/>\n<meta property=\"article:modified_time\" content=\"2023-11-24T15:08:23+00:00\" \/>\n<meta property=\"og:image\" content=\"https:\/\/editions-midi.com\/wp-content\/uploads\/2024\/09\/HDlourmarin113759-01127-OK-V2-scaled.jpg\" \/>\n\t<meta property=\"og:image:width\" content=\"1922\" \/>\n\t<meta property=\"og:image:height\" content=\"2560\" \/>\n\t<meta property=\"og:image:type\" content=\"image\/jpeg\" \/>\n<meta name=\"twitter:card\" content=\"summary_large_image\" \/>\n<script type=\"application\/ld+json\" class=\"yoast-schema-graph\">{\"@context\":\"https:\/\/schema.org\",\"@graph\":[{\"@type\":\"WebPage\",\"@id\":\"https:\/\/editions-midi.com\/produit\/ageinouiadou\/\",\"url\":\"https:\/\/editions-midi.com\/produit\/ageinouiadou\/\",\"name\":\"Ageinouiadou - \u00e9ditions Midi\",\"isPartOf\":{\"@id\":\"https:\/\/editions-midi.com\/#website\"},\"primaryImageOfPage\":{\"@id\":\"https:\/\/editions-midi.com\/produit\/ageinouiadou\/#primaryimage\"},\"image\":{\"@id\":\"https:\/\/editions-midi.com\/produit\/ageinouiadou\/#primaryimage\"},\"thumbnailUrl\":\"https:\/\/editions-midi.com\/wp-content\/uploads\/2024\/09\/HDlourmarin113759-01127-OK-V2-scaled.jpg\",\"datePublished\":\"2023-09-10T14:01:43+00:00\",\"dateModified\":\"2023-11-24T15:08:23+00:00\",\"breadcrumb\":{\"@id\":\"https:\/\/editions-midi.com\/produit\/ageinouiadou\/#breadcrumb\"},\"inLanguage\":\"fr-OC\",\"potentialAction\":[{\"@type\":\"ReadAction\",\"target\":[\"https:\/\/editions-midi.com\/produit\/ageinouiadou\/\"]}]},{\"@type\":\"ImageObject\",\"inLanguage\":\"fr-OC\",\"@id\":\"https:\/\/editions-midi.com\/produit\/ageinouiadou\/#primaryimage\",\"url\":\"https:\/\/editions-midi.com\/wp-content\/uploads\/2024\/09\/HDlourmarin113759-01127-OK-V2-scaled.jpg\",\"contentUrl\":\"https:\/\/editions-midi.com\/wp-content\/uploads\/2024\/09\/HDlourmarin113759-01127-OK-V2-scaled.jpg\",\"width\":1922,\"height\":2560},{\"@type\":\"BreadcrumbList\",\"@id\":\"https:\/\/editions-midi.com\/produit\/ageinouiadou\/#breadcrumb\",\"itemListElement\":[{\"@type\":\"ListItem\",\"position\":1,\"name\":\"Accueil\",\"item\":\"https:\/\/editions-midi.com\/oc\/\"},{\"@type\":\"ListItem\",\"position\":2,\"name\":\"Edicioun\",\"item\":\"https:\/\/editions-midi.com\/oc\/\"},{\"@type\":\"ListItem\",\"position\":3,\"name\":\"Ageinouiadou\"}]},{\"@type\":\"WebSite\",\"@id\":\"https:\/\/editions-midi.com\/#website\",\"url\":\"https:\/\/editions-midi.com\/\",\"name\":\"Midi\",\"description\":\"Provence - Art de vivre - Artisanal\",\"publisher\":{\"@id\":\"https:\/\/editions-midi.com\/#organization\"},\"potentialAction\":[{\"@type\":\"SearchAction\",\"target\":{\"@type\":\"EntryPoint\",\"urlTemplate\":\"https:\/\/editions-midi.com\/?s={search_term_string}\"},\"query-input\":{\"@type\":\"PropertyValueSpecification\",\"valueRequired\":true,\"valueName\":\"search_term_string\"}}],\"inLanguage\":\"fr-OC\"},{\"@type\":\"Organization\",\"@id\":\"https:\/\/editions-midi.com\/#organization\",\"name\":\"Midi\",\"url\":\"https:\/\/editions-midi.com\/\",\"logo\":{\"@type\":\"ImageObject\",\"inLanguage\":\"fr-OC\",\"@id\":\"https:\/\/editions-midi.com\/#\/schema\/logo\/image\/\",\"url\":\"https:\/\/editions-midi.com\/wp-content\/uploads\/2020\/06\/Midi_paypal_logo-1.png\",\"contentUrl\":\"https:\/\/editions-midi.com\/wp-content\/uploads\/2020\/06\/Midi_paypal_logo-1.png\",\"width\":150,\"height\":50,\"caption\":\"Midi\"},\"image\":{\"@id\":\"https:\/\/editions-midi.com\/#\/schema\/logo\/image\/\"},\"sameAs\":[\"https:\/\/www.instagram.com\/_m.i.d.i_\/\",\"https:\/\/www.linkedin.com\/company\/editions-midi\/\"]}]}<\/script>\n<!-- \/ Yoast SEO plugin. -->","yoast_head_json":{"title":"Ageinouiadou - \u00e9ditions Midi","robots":{"index":"index","follow":"follow","max-snippet":"max-snippet:-1","max-image-preview":"max-image-preview:large","max-video-preview":"max-video-preview:-1"},"canonical":"https:\/\/editions-midi.com\/produit\/ageinouiadou\/","og_locale":"fr_FR","og_type":"article","og_title":"Ageinouiadou - \u00e9ditions Midi","og_description":"Finicioun : Roure massis e paio naturalo  Dimensioun : L. 55 cm \u00d7 prouf. 53 cm \u00d7 Aut. 80 cm  Acouidadou : Aut. 67 cm  Ass\u00e8ti : Aut. 45 cm  Pes : 6 kg","og_url":"https:\/\/editions-midi.com\/produit\/ageinouiadou\/","og_site_name":"\u00e9ditions Midi","article_modified_time":"2023-11-24T15:08:23+00:00","og_image":[{"width":1922,"height":2560,"url":"https:\/\/editions-midi.com\/wp-content\/uploads\/2024\/09\/HDlourmarin113759-01127-OK-V2-scaled.jpg","type":"image\/jpeg"}],"twitter_card":"summary_large_image","schema":{"@context":"https:\/\/schema.org","@graph":[{"@type":"WebPage","@id":"https:\/\/editions-midi.com\/produit\/ageinouiadou\/","url":"https:\/\/editions-midi.com\/produit\/ageinouiadou\/","name":"Ageinouiadou - \u00e9ditions Midi","isPartOf":{"@id":"https:\/\/editions-midi.com\/#website"},"primaryImageOfPage":{"@id":"https:\/\/editions-midi.com\/produit\/ageinouiadou\/#primaryimage"},"image":{"@id":"https:\/\/editions-midi.com\/produit\/ageinouiadou\/#primaryimage"},"thumbnailUrl":"https:\/\/editions-midi.com\/wp-content\/uploads\/2024\/09\/HDlourmarin113759-01127-OK-V2-scaled.jpg","datePublished":"2023-09-10T14:01:43+00:00","dateModified":"2023-11-24T15:08:23+00:00","breadcrumb":{"@id":"https:\/\/editions-midi.com\/produit\/ageinouiadou\/#breadcrumb"},"inLanguage":"fr-OC","potentialAction":[{"@type":"ReadAction","target":["https:\/\/editions-midi.com\/produit\/ageinouiadou\/"]}]},{"@type":"ImageObject","inLanguage":"fr-OC","@id":"https:\/\/editions-midi.com\/produit\/ageinouiadou\/#primaryimage","url":"https:\/\/editions-midi.com\/wp-content\/uploads\/2024\/09\/HDlourmarin113759-01127-OK-V2-scaled.jpg","contentUrl":"https:\/\/editions-midi.com\/wp-content\/uploads\/2024\/09\/HDlourmarin113759-01127-OK-V2-scaled.jpg","width":1922,"height":2560},{"@type":"BreadcrumbList","@id":"https:\/\/editions-midi.com\/produit\/ageinouiadou\/#breadcrumb","itemListElement":[{"@type":"ListItem","position":1,"name":"Accueil","item":"https:\/\/editions-midi.com\/oc\/"},{"@type":"ListItem","position":2,"name":"Edicioun","item":"https:\/\/editions-midi.com\/oc\/"},{"@type":"ListItem","position":3,"name":"Ageinouiadou"}]},{"@type":"WebSite","@id":"https:\/\/editions-midi.com\/#website","url":"https:\/\/editions-midi.com\/","name":"Midi","description":"Provence - Art de vivre - Artisanal","publisher":{"@id":"https:\/\/editions-midi.com\/#organization"},"potentialAction":[{"@type":"SearchAction","target":{"@type":"EntryPoint","urlTemplate":"https:\/\/editions-midi.com\/?s={search_term_string}"},"query-input":{"@type":"PropertyValueSpecification","valueRequired":true,"valueName":"search_term_string"}}],"inLanguage":"fr-OC"},{"@type":"Organization","@id":"https:\/\/editions-midi.com\/#organization","name":"Midi","url":"https:\/\/editions-midi.com\/","logo":{"@type":"ImageObject","inLanguage":"fr-OC","@id":"https:\/\/editions-midi.com\/#\/schema\/logo\/image\/","url":"https:\/\/editions-midi.com\/wp-content\/uploads\/2020\/06\/Midi_paypal_logo-1.png","contentUrl":"https:\/\/editions-midi.com\/wp-content\/uploads\/2020\/06\/Midi_paypal_logo-1.png","width":150,"height":50,"caption":"Midi"},"image":{"@id":"https:\/\/editions-midi.com\/#\/schema\/logo\/image\/"},"sameAs":["https:\/\/www.instagram.com\/_m.i.d.i_\/","https:\/\/www.linkedin.com\/company\/editions-midi\/"]}]}},"jetpack_sharing_enabled":true,"_links":{"self":[{"href":"https:\/\/editions-midi.com\/oc\/wp-json\/wp\/v2\/product\/1956","targetHints":{"allow":["GET"]}}],"collection":[{"href":"https:\/\/editions-midi.com\/oc\/wp-json\/wp\/v2\/product"}],"about":[{"href":"https:\/\/editions-midi.com\/oc\/wp-json\/wp\/v2\/types\/product"}],"wp:featuredmedia":[{"embeddable":true,"href":"https:\/\/editions-midi.com\/oc\/wp-json\/wp\/v2\/media\/2348"}],"wp:attachment":[{"href":"https:\/\/editions-midi.com\/oc\/wp-json\/wp\/v2\/media?parent=1956"}],"wp:term":[{"taxonomy":"product_brand","embeddable":true,"href":"https:\/\/editions-midi.com\/oc\/wp-json\/wp\/v2\/product_brand?post=1956"},{"taxonomy":"product_cat","embeddable":true,"href":"https:\/\/editions-midi.com\/oc\/wp-json\/wp\/v2\/product_cat?post=1956"},{"taxonomy":"product_tag","embeddable":true,"href":"https:\/\/editions-midi.com\/oc\/wp-json\/wp\/v2\/product_tag?post=1956"}],"curies":[{"name":"wp","href":"https:\/\/api.w.org\/{rel}","templated":true}]}}