{"id":1760,"date":"2022-06-14T12:05:59","date_gmt":"2022-06-14T13:14:09","guid":{"rendered":"https:\/\/editions-midi.com\/?post_type=product&#038;p=1760"},"modified":"2022-06-14T15:14:09","modified_gmt":"2022-06-14T13:14:09","slug":"alongui-per-un","status":"publish","type":"product","link":"https:\/\/editions-midi.com\/oc\/produit\/alongui-per-un\/","title":{"rendered":"Al\u00f2ngui p\u00e8r un"},"content":{"rendered":"<p>L\u2019al\u00f2ngui pareigu\u00e8 au si\u00e8cle XIX sus li plajo de la Coustiero d\u2019Azur. Fugu\u00e8 sublima bonodi Roubert Mallet-Stevens p\u00e8r lou nadadou de la vila d\u00f3u Viscomte de Nouaio \u00e0 Iero. Aqui fugu\u00e8 mai pensa p\u00e8r pourgi lou meiour counfort. Atrenca d\u2019aglani\u00e9 tencha e oulia emai vesti d\u2019uno grosso telo de coutoun, coume la velo d\u2019un bat\u00e9u, rembourda de cuer p\u00e8r uno majo veliero. Em\u00e9 soun long couissin, pourr\u00e9s vous eslangouira \u00e0 l\u2019oumbro o en plen cagnard, au soul\u00e8u.<\/p>\n","protected":false},"excerpt":{"rendered":"<p><strong>Finicioun<\/strong> : Roure massis e oulia emai vesti d\u2019uno grosso telo de coutoun<\/p>\n<p><strong>Dimensioun<\/strong> : L. 70 cm \u00d7 prouf. 80 cm \u00d7 Aut. 82 cm\u00a0 <a class=\"em-plan-button\" href=\"https:\/\/editions-midi.com\/wp-content\/uploads\/2021\/03\/Midi_Collection_Radassie.pdf\" target=\"_blank\" rel=\"noopener\">Dessins techniques<\/a><\/p>\n<p><strong>Pes<\/strong> : 15 kg<\/p>\n<p>&nbsp;<\/p>\n<p>&nbsp;<\/p>\n","protected":false},"featured_media":2360,"template":"","meta":{"_acf_changed":false},"product_brand":[],"product_cat":[48],"product_tag":[],"class_list":{"0":"post-1760","1":"product","2":"type-product","3":"status-publish","4":"has-post-thumbnail","6":"product_cat-non-classe-oc","7":"product_shipping_class-livraison-120-oc","9":"first","10":"instock","11":"taxable","12":"shipping-taxable","13":"purchasable","14":"product-type-simple"},"acf":[],"yoast_head":"<!-- This site is optimized with the Yoast SEO plugin v27.2 - https:\/\/yoast.com\/product\/yoast-seo-wordpress\/ -->\n<title>Al\u00f2ngui p\u00e8r un - \u00e9ditions Midi<\/title>\n<meta name=\"robots\" content=\"index, follow, max-snippet:-1, max-image-preview:large, max-video-preview:-1\" \/>\n<link rel=\"canonical\" href=\"https:\/\/editions-midi.com\/produit\/alongui-per-un\/\" \/>\n<meta property=\"og:locale\" content=\"fr_FR\" \/>\n<meta property=\"og:type\" content=\"article\" \/>\n<meta property=\"og:title\" content=\"Al\u00f2ngui p\u00e8r un - \u00e9ditions Midi\" \/>\n<meta property=\"og:description\" content=\"Finicioun : Roure massis e oulia emai vesti d\u2019uno grosso telo de coutoun  Dimensioun : L. 70 cm \u00d7 prouf. 80 cm \u00d7 Aut. 82 cm\u00a0 Dessins techniques  Pes : 15 kg  &nbsp;  &nbsp;\" \/>\n<meta property=\"og:url\" content=\"https:\/\/editions-midi.com\/produit\/alongui-per-un\/\" \/>\n<meta property=\"og:site_name\" content=\"\u00e9ditions Midi\" \/>\n<meta property=\"og:image\" content=\"https:\/\/editions-midi.com\/wp-content\/uploads\/2024\/09\/HDlourmarin172506-01174-OK-V2-scaled.jpg\" \/>\n\t<meta property=\"og:image:width\" content=\"1921\" \/>\n\t<meta property=\"og:image:height\" content=\"2560\" \/>\n\t<meta property=\"og:image:type\" content=\"image\/jpeg\" \/>\n<meta name=\"twitter:card\" content=\"summary_large_image\" \/>\n<script type=\"application\/ld+json\" class=\"yoast-schema-graph\">{\"@context\":\"https:\/\/schema.org\",\"@graph\":[{\"@type\":\"WebPage\",\"@id\":\"https:\/\/editions-midi.com\/produit\/alongui-per-un\/\",\"url\":\"https:\/\/editions-midi.com\/produit\/alongui-per-un\/\",\"name\":\"Al\u00f2ngui p\u00e8r un - \u00e9ditions Midi\",\"isPartOf\":{\"@id\":\"https:\/\/editions-midi.com\/#website\"},\"primaryImageOfPage\":{\"@id\":\"https:\/\/editions-midi.com\/produit\/alongui-per-un\/#primaryimage\"},\"image\":{\"@id\":\"https:\/\/editions-midi.com\/produit\/alongui-per-un\/#primaryimage\"},\"thumbnailUrl\":\"https:\/\/editions-midi.com\/wp-content\/uploads\/2024\/09\/HDlourmarin172506-01174-OK-V2-scaled.jpg\",\"datePublished\":\"2022-06-14T13:14:09+00:00\",\"breadcrumb\":{\"@id\":\"https:\/\/editions-midi.com\/produit\/alongui-per-un\/#breadcrumb\"},\"inLanguage\":\"fr-OC\",\"potentialAction\":[{\"@type\":\"ReadAction\",\"target\":[\"https:\/\/editions-midi.com\/produit\/alongui-per-un\/\"]}]},{\"@type\":\"ImageObject\",\"inLanguage\":\"fr-OC\",\"@id\":\"https:\/\/editions-midi.com\/produit\/alongui-per-un\/#primaryimage\",\"url\":\"https:\/\/editions-midi.com\/wp-content\/uploads\/2024\/09\/HDlourmarin172506-01174-OK-V2-scaled.jpg\",\"contentUrl\":\"https:\/\/editions-midi.com\/wp-content\/uploads\/2024\/09\/HDlourmarin172506-01174-OK-V2-scaled.jpg\",\"width\":1921,\"height\":2560},{\"@type\":\"BreadcrumbList\",\"@id\":\"https:\/\/editions-midi.com\/produit\/alongui-per-un\/#breadcrumb\",\"itemListElement\":[{\"@type\":\"ListItem\",\"position\":1,\"name\":\"Accueil\",\"item\":\"https:\/\/editions-midi.com\/oc\/\"},{\"@type\":\"ListItem\",\"position\":2,\"name\":\"Edicioun\",\"item\":\"https:\/\/editions-midi.com\/oc\/\"},{\"@type\":\"ListItem\",\"position\":3,\"name\":\"Al\u00f2ngui p\u00e8r un\"}]},{\"@type\":\"WebSite\",\"@id\":\"https:\/\/editions-midi.com\/#website\",\"url\":\"https:\/\/editions-midi.com\/\",\"name\":\"Midi\",\"description\":\"Provence - Art de vivre - Artisanal\",\"publisher\":{\"@id\":\"https:\/\/editions-midi.com\/#organization\"},\"potentialAction\":[{\"@type\":\"SearchAction\",\"target\":{\"@type\":\"EntryPoint\",\"urlTemplate\":\"https:\/\/editions-midi.com\/?s={search_term_string}\"},\"query-input\":{\"@type\":\"PropertyValueSpecification\",\"valueRequired\":true,\"valueName\":\"search_term_string\"}}],\"inLanguage\":\"fr-OC\"},{\"@type\":\"Organization\",\"@id\":\"https:\/\/editions-midi.com\/#organization\",\"name\":\"Midi\",\"url\":\"https:\/\/editions-midi.com\/\",\"logo\":{\"@type\":\"ImageObject\",\"inLanguage\":\"fr-OC\",\"@id\":\"https:\/\/editions-midi.com\/#\/schema\/logo\/image\/\",\"url\":\"https:\/\/editions-midi.com\/wp-content\/uploads\/2020\/06\/Midi_paypal_logo-1.png\",\"contentUrl\":\"https:\/\/editions-midi.com\/wp-content\/uploads\/2020\/06\/Midi_paypal_logo-1.png\",\"width\":150,\"height\":50,\"caption\":\"Midi\"},\"image\":{\"@id\":\"https:\/\/editions-midi.com\/#\/schema\/logo\/image\/\"},\"sameAs\":[\"https:\/\/www.instagram.com\/_m.i.d.i_\/\",\"https:\/\/www.linkedin.com\/company\/editions-midi\/\"]}]}<\/script>\n<!-- \/ Yoast SEO plugin. -->","yoast_head_json":{"title":"Al\u00f2ngui p\u00e8r un - \u00e9ditions Midi","robots":{"index":"index","follow":"follow","max-snippet":"max-snippet:-1","max-image-preview":"max-image-preview:large","max-video-preview":"max-video-preview:-1"},"canonical":"https:\/\/editions-midi.com\/produit\/alongui-per-un\/","og_locale":"fr_FR","og_type":"article","og_title":"Al\u00f2ngui p\u00e8r un - \u00e9ditions Midi","og_description":"Finicioun : Roure massis e oulia emai vesti d\u2019uno grosso telo de coutoun  Dimensioun : L. 70 cm \u00d7 prouf. 80 cm \u00d7 Aut. 82 cm\u00a0 Dessins techniques  Pes : 15 kg  &nbsp;  &nbsp;","og_url":"https:\/\/editions-midi.com\/produit\/alongui-per-un\/","og_site_name":"\u00e9ditions Midi","og_image":[{"width":1921,"height":2560,"url":"https:\/\/editions-midi.com\/wp-content\/uploads\/2024\/09\/HDlourmarin172506-01174-OK-V2-scaled.jpg","type":"image\/jpeg"}],"twitter_card":"summary_large_image","schema":{"@context":"https:\/\/schema.org","@graph":[{"@type":"WebPage","@id":"https:\/\/editions-midi.com\/produit\/alongui-per-un\/","url":"https:\/\/editions-midi.com\/produit\/alongui-per-un\/","name":"Al\u00f2ngui p\u00e8r un - \u00e9ditions Midi","isPartOf":{"@id":"https:\/\/editions-midi.com\/#website"},"primaryImageOfPage":{"@id":"https:\/\/editions-midi.com\/produit\/alongui-per-un\/#primaryimage"},"image":{"@id":"https:\/\/editions-midi.com\/produit\/alongui-per-un\/#primaryimage"},"thumbnailUrl":"https:\/\/editions-midi.com\/wp-content\/uploads\/2024\/09\/HDlourmarin172506-01174-OK-V2-scaled.jpg","datePublished":"2022-06-14T13:14:09+00:00","breadcrumb":{"@id":"https:\/\/editions-midi.com\/produit\/alongui-per-un\/#breadcrumb"},"inLanguage":"fr-OC","potentialAction":[{"@type":"ReadAction","target":["https:\/\/editions-midi.com\/produit\/alongui-per-un\/"]}]},{"@type":"ImageObject","inLanguage":"fr-OC","@id":"https:\/\/editions-midi.com\/produit\/alongui-per-un\/#primaryimage","url":"https:\/\/editions-midi.com\/wp-content\/uploads\/2024\/09\/HDlourmarin172506-01174-OK-V2-scaled.jpg","contentUrl":"https:\/\/editions-midi.com\/wp-content\/uploads\/2024\/09\/HDlourmarin172506-01174-OK-V2-scaled.jpg","width":1921,"height":2560},{"@type":"BreadcrumbList","@id":"https:\/\/editions-midi.com\/produit\/alongui-per-un\/#breadcrumb","itemListElement":[{"@type":"ListItem","position":1,"name":"Accueil","item":"https:\/\/editions-midi.com\/oc\/"},{"@type":"ListItem","position":2,"name":"Edicioun","item":"https:\/\/editions-midi.com\/oc\/"},{"@type":"ListItem","position":3,"name":"Al\u00f2ngui p\u00e8r un"}]},{"@type":"WebSite","@id":"https:\/\/editions-midi.com\/#website","url":"https:\/\/editions-midi.com\/","name":"Midi","description":"Provence - Art de vivre - Artisanal","publisher":{"@id":"https:\/\/editions-midi.com\/#organization"},"potentialAction":[{"@type":"SearchAction","target":{"@type":"EntryPoint","urlTemplate":"https:\/\/editions-midi.com\/?s={search_term_string}"},"query-input":{"@type":"PropertyValueSpecification","valueRequired":true,"valueName":"search_term_string"}}],"inLanguage":"fr-OC"},{"@type":"Organization","@id":"https:\/\/editions-midi.com\/#organization","name":"Midi","url":"https:\/\/editions-midi.com\/","logo":{"@type":"ImageObject","inLanguage":"fr-OC","@id":"https:\/\/editions-midi.com\/#\/schema\/logo\/image\/","url":"https:\/\/editions-midi.com\/wp-content\/uploads\/2020\/06\/Midi_paypal_logo-1.png","contentUrl":"https:\/\/editions-midi.com\/wp-content\/uploads\/2020\/06\/Midi_paypal_logo-1.png","width":150,"height":50,"caption":"Midi"},"image":{"@id":"https:\/\/editions-midi.com\/#\/schema\/logo\/image\/"},"sameAs":["https:\/\/www.instagram.com\/_m.i.d.i_\/","https:\/\/www.linkedin.com\/company\/editions-midi\/"]}]}},"jetpack_sharing_enabled":true,"_links":{"self":[{"href":"https:\/\/editions-midi.com\/oc\/wp-json\/wp\/v2\/product\/1760","targetHints":{"allow":["GET"]}}],"collection":[{"href":"https:\/\/editions-midi.com\/oc\/wp-json\/wp\/v2\/product"}],"about":[{"href":"https:\/\/editions-midi.com\/oc\/wp-json\/wp\/v2\/types\/product"}],"wp:featuredmedia":[{"embeddable":true,"href":"https:\/\/editions-midi.com\/oc\/wp-json\/wp\/v2\/media\/2360"}],"wp:attachment":[{"href":"https:\/\/editions-midi.com\/oc\/wp-json\/wp\/v2\/media?parent=1760"}],"wp:term":[{"taxonomy":"product_brand","embeddable":true,"href":"https:\/\/editions-midi.com\/oc\/wp-json\/wp\/v2\/product_brand?post=1760"},{"taxonomy":"product_cat","embeddable":true,"href":"https:\/\/editions-midi.com\/oc\/wp-json\/wp\/v2\/product_cat?post=1760"},{"taxonomy":"product_tag","embeddable":true,"href":"https:\/\/editions-midi.com\/oc\/wp-json\/wp\/v2\/product_tag?post=1760"}],"curies":[{"name":"wp","href":"https:\/\/api.w.org\/{rel}","templated":true}]}}