{"id":1690,"date":"2022-06-13T17:41:31","date_gmt":"2022-06-13T16:27:43","guid":{"rendered":"https:\/\/editions-midi.com\/?post_type=product&#038;p=1690"},"modified":"2022-06-13T18:27:43","modified_gmt":"2022-06-13T16:27:43","slug":"banc","status":"publish","type":"product","link":"https:\/\/editions-midi.com\/oc\/produit\/banc\/","title":{"rendered":"Banc"},"content":{"rendered":"<p>P\u00e8r coumpleta la gamo di banc, <em>Bancoun<\/em> 2 pla\u00e7o e <em>Bancoune<\/em>t 1 pla\u00e7o, un moud\u00e8le p\u00e8r 3, es esta apoundu. Alentour d\u2019uno taulo, dins uno intrado, au p\u00e8d d\u00f3u li\u00e9, aqu\u00e9u gros <em>Banc<\/em> sublimara voste dedins. Si l\u00f2ngui ligno claro emai apurado, fan b\u00e8n v\u00e8ire lou b\u00e8u travai de tr\u00eco d\u00f3u bos vengu de four\u00e8st duradisso, em\u00e9 de paio di ribo de Rose. Soun counfort d\u2019assiso aut de 45 cm vous ajudara p\u00e8r n\u2019en pouficha d\u2019en plen.<\/p>\n<p>&nbsp;<\/p>\n","protected":false},"excerpt":{"rendered":"<p><strong>Finicioun<\/strong>\u00a0: Roure massis e paio naturalo<\/p>\n<p><strong>Dimensioun<\/strong> :\u00a0L. 184 cm \u00d7 prouf. 35 cm \u00d7 Aut. 45 cm\u00a0 [***]<\/p>\n<p><strong>Ass\u00e8ti<\/strong> : Aut. 45 cm<\/p>\n<p><strong>Pes :<\/strong> 15 kg<\/p>\n","protected":false},"featured_media":2321,"template":"","meta":{"_acf_changed":false},"product_brand":[],"product_cat":[48],"product_tag":[],"class_list":{"0":"post-1690","1":"product","2":"type-product","3":"status-publish","4":"has-post-thumbnail","6":"product_cat-non-classe-oc","7":"product_shipping_class-livraison-120-oc","9":"first","10":"instock","11":"taxable","12":"shipping-taxable","13":"purchasable","14":"product-type-simple"},"acf":[],"yoast_head":"<!-- This site is optimized with the Yoast SEO plugin v27.2 - https:\/\/yoast.com\/product\/yoast-seo-wordpress\/ -->\n<title>Banc - \u00e9ditions Midi<\/title>\n<meta name=\"robots\" content=\"index, follow, max-snippet:-1, max-image-preview:large, max-video-preview:-1\" \/>\n<link rel=\"canonical\" href=\"https:\/\/editions-midi.com\/oc\/produit\/banc\/\" \/>\n<meta property=\"og:locale\" content=\"fr_FR\" \/>\n<meta property=\"og:type\" content=\"article\" \/>\n<meta property=\"og:title\" content=\"Banc - \u00e9ditions Midi\" \/>\n<meta property=\"og:description\" content=\"Finicioun\u00a0: Roure massis e paio naturalo  Dimensioun :\u00a0L. 184 cm \u00d7 prouf. 35 cm \u00d7 Aut. 45 cm\u00a0 [***]  Ass\u00e8ti : Aut. 45 cm  Pes : 15 kg\" \/>\n<meta property=\"og:url\" content=\"https:\/\/editions-midi.com\/oc\/produit\/banc\/\" \/>\n<meta property=\"og:site_name\" content=\"\u00e9ditions Midi\" \/>\n<meta property=\"og:image\" content=\"https:\/\/editions-midi.com\/wp-content\/uploads\/2024\/09\/HDlourmarin095034-01327-OK-V2-scaled.jpg\" \/>\n\t<meta property=\"og:image:width\" content=\"1921\" \/>\n\t<meta property=\"og:image:height\" content=\"2560\" \/>\n\t<meta property=\"og:image:type\" content=\"image\/jpeg\" \/>\n<meta name=\"twitter:card\" content=\"summary_large_image\" \/>\n<script type=\"application\/ld+json\" class=\"yoast-schema-graph\">{\"@context\":\"https:\/\/schema.org\",\"@graph\":[{\"@type\":\"WebPage\",\"@id\":\"https:\/\/editions-midi.com\/oc\/produit\/banc\/\",\"url\":\"https:\/\/editions-midi.com\/oc\/produit\/banc\/\",\"name\":\"Banc - \u00e9ditions Midi\",\"isPartOf\":{\"@id\":\"https:\/\/editions-midi.com\/#website\"},\"primaryImageOfPage\":{\"@id\":\"https:\/\/editions-midi.com\/oc\/produit\/banc\/#primaryimage\"},\"image\":{\"@id\":\"https:\/\/editions-midi.com\/oc\/produit\/banc\/#primaryimage\"},\"thumbnailUrl\":\"https:\/\/editions-midi.com\/wp-content\/uploads\/2024\/09\/HDlourmarin095034-01327-OK-V2-scaled.jpg\",\"datePublished\":\"2022-06-13T16:27:43+00:00\",\"breadcrumb\":{\"@id\":\"https:\/\/editions-midi.com\/oc\/produit\/banc\/#breadcrumb\"},\"inLanguage\":\"fr-OC\",\"potentialAction\":[{\"@type\":\"ReadAction\",\"target\":[\"https:\/\/editions-midi.com\/oc\/produit\/banc\/\"]}]},{\"@type\":\"ImageObject\",\"inLanguage\":\"fr-OC\",\"@id\":\"https:\/\/editions-midi.com\/oc\/produit\/banc\/#primaryimage\",\"url\":\"https:\/\/editions-midi.com\/wp-content\/uploads\/2024\/09\/HDlourmarin095034-01327-OK-V2-scaled.jpg\",\"contentUrl\":\"https:\/\/editions-midi.com\/wp-content\/uploads\/2024\/09\/HDlourmarin095034-01327-OK-V2-scaled.jpg\",\"width\":1921,\"height\":2560},{\"@type\":\"BreadcrumbList\",\"@id\":\"https:\/\/editions-midi.com\/oc\/produit\/banc\/#breadcrumb\",\"itemListElement\":[{\"@type\":\"ListItem\",\"position\":1,\"name\":\"Accueil\",\"item\":\"https:\/\/editions-midi.com\/oc\/\"},{\"@type\":\"ListItem\",\"position\":2,\"name\":\"Edicioun\",\"item\":\"https:\/\/editions-midi.com\/oc\/\"},{\"@type\":\"ListItem\",\"position\":3,\"name\":\"Banc\"}]},{\"@type\":\"WebSite\",\"@id\":\"https:\/\/editions-midi.com\/#website\",\"url\":\"https:\/\/editions-midi.com\/\",\"name\":\"Midi\",\"description\":\"Provence - Art de vivre - Artisanal\",\"publisher\":{\"@id\":\"https:\/\/editions-midi.com\/#organization\"},\"potentialAction\":[{\"@type\":\"SearchAction\",\"target\":{\"@type\":\"EntryPoint\",\"urlTemplate\":\"https:\/\/editions-midi.com\/?s={search_term_string}\"},\"query-input\":{\"@type\":\"PropertyValueSpecification\",\"valueRequired\":true,\"valueName\":\"search_term_string\"}}],\"inLanguage\":\"fr-OC\"},{\"@type\":\"Organization\",\"@id\":\"https:\/\/editions-midi.com\/#organization\",\"name\":\"Midi\",\"url\":\"https:\/\/editions-midi.com\/\",\"logo\":{\"@type\":\"ImageObject\",\"inLanguage\":\"fr-OC\",\"@id\":\"https:\/\/editions-midi.com\/#\/schema\/logo\/image\/\",\"url\":\"https:\/\/editions-midi.com\/wp-content\/uploads\/2020\/06\/Midi_paypal_logo-1.png\",\"contentUrl\":\"https:\/\/editions-midi.com\/wp-content\/uploads\/2020\/06\/Midi_paypal_logo-1.png\",\"width\":150,\"height\":50,\"caption\":\"Midi\"},\"image\":{\"@id\":\"https:\/\/editions-midi.com\/#\/schema\/logo\/image\/\"},\"sameAs\":[\"https:\/\/www.instagram.com\/_m.i.d.i_\/\",\"https:\/\/www.linkedin.com\/company\/editions-midi\/\"]}]}<\/script>\n<!-- \/ Yoast SEO plugin. -->","yoast_head_json":{"title":"Banc - \u00e9ditions Midi","robots":{"index":"index","follow":"follow","max-snippet":"max-snippet:-1","max-image-preview":"max-image-preview:large","max-video-preview":"max-video-preview:-1"},"canonical":"https:\/\/editions-midi.com\/oc\/produit\/banc\/","og_locale":"fr_FR","og_type":"article","og_title":"Banc - \u00e9ditions Midi","og_description":"Finicioun\u00a0: Roure massis e paio naturalo  Dimensioun :\u00a0L. 184 cm \u00d7 prouf. 35 cm \u00d7 Aut. 45 cm\u00a0 [***]  Ass\u00e8ti : Aut. 45 cm  Pes : 15 kg","og_url":"https:\/\/editions-midi.com\/oc\/produit\/banc\/","og_site_name":"\u00e9ditions Midi","og_image":[{"width":1921,"height":2560,"url":"https:\/\/editions-midi.com\/wp-content\/uploads\/2024\/09\/HDlourmarin095034-01327-OK-V2-scaled.jpg","type":"image\/jpeg"}],"twitter_card":"summary_large_image","schema":{"@context":"https:\/\/schema.org","@graph":[{"@type":"WebPage","@id":"https:\/\/editions-midi.com\/oc\/produit\/banc\/","url":"https:\/\/editions-midi.com\/oc\/produit\/banc\/","name":"Banc - \u00e9ditions Midi","isPartOf":{"@id":"https:\/\/editions-midi.com\/#website"},"primaryImageOfPage":{"@id":"https:\/\/editions-midi.com\/oc\/produit\/banc\/#primaryimage"},"image":{"@id":"https:\/\/editions-midi.com\/oc\/produit\/banc\/#primaryimage"},"thumbnailUrl":"https:\/\/editions-midi.com\/wp-content\/uploads\/2024\/09\/HDlourmarin095034-01327-OK-V2-scaled.jpg","datePublished":"2022-06-13T16:27:43+00:00","breadcrumb":{"@id":"https:\/\/editions-midi.com\/oc\/produit\/banc\/#breadcrumb"},"inLanguage":"fr-OC","potentialAction":[{"@type":"ReadAction","target":["https:\/\/editions-midi.com\/oc\/produit\/banc\/"]}]},{"@type":"ImageObject","inLanguage":"fr-OC","@id":"https:\/\/editions-midi.com\/oc\/produit\/banc\/#primaryimage","url":"https:\/\/editions-midi.com\/wp-content\/uploads\/2024\/09\/HDlourmarin095034-01327-OK-V2-scaled.jpg","contentUrl":"https:\/\/editions-midi.com\/wp-content\/uploads\/2024\/09\/HDlourmarin095034-01327-OK-V2-scaled.jpg","width":1921,"height":2560},{"@type":"BreadcrumbList","@id":"https:\/\/editions-midi.com\/oc\/produit\/banc\/#breadcrumb","itemListElement":[{"@type":"ListItem","position":1,"name":"Accueil","item":"https:\/\/editions-midi.com\/oc\/"},{"@type":"ListItem","position":2,"name":"Edicioun","item":"https:\/\/editions-midi.com\/oc\/"},{"@type":"ListItem","position":3,"name":"Banc"}]},{"@type":"WebSite","@id":"https:\/\/editions-midi.com\/#website","url":"https:\/\/editions-midi.com\/","name":"Midi","description":"Provence - Art de vivre - Artisanal","publisher":{"@id":"https:\/\/editions-midi.com\/#organization"},"potentialAction":[{"@type":"SearchAction","target":{"@type":"EntryPoint","urlTemplate":"https:\/\/editions-midi.com\/?s={search_term_string}"},"query-input":{"@type":"PropertyValueSpecification","valueRequired":true,"valueName":"search_term_string"}}],"inLanguage":"fr-OC"},{"@type":"Organization","@id":"https:\/\/editions-midi.com\/#organization","name":"Midi","url":"https:\/\/editions-midi.com\/","logo":{"@type":"ImageObject","inLanguage":"fr-OC","@id":"https:\/\/editions-midi.com\/#\/schema\/logo\/image\/","url":"https:\/\/editions-midi.com\/wp-content\/uploads\/2020\/06\/Midi_paypal_logo-1.png","contentUrl":"https:\/\/editions-midi.com\/wp-content\/uploads\/2020\/06\/Midi_paypal_logo-1.png","width":150,"height":50,"caption":"Midi"},"image":{"@id":"https:\/\/editions-midi.com\/#\/schema\/logo\/image\/"},"sameAs":["https:\/\/www.instagram.com\/_m.i.d.i_\/","https:\/\/www.linkedin.com\/company\/editions-midi\/"]}]}},"jetpack_sharing_enabled":true,"_links":{"self":[{"href":"https:\/\/editions-midi.com\/oc\/wp-json\/wp\/v2\/product\/1690","targetHints":{"allow":["GET"]}}],"collection":[{"href":"https:\/\/editions-midi.com\/oc\/wp-json\/wp\/v2\/product"}],"about":[{"href":"https:\/\/editions-midi.com\/oc\/wp-json\/wp\/v2\/types\/product"}],"wp:featuredmedia":[{"embeddable":true,"href":"https:\/\/editions-midi.com\/oc\/wp-json\/wp\/v2\/media\/2321"}],"wp:attachment":[{"href":"https:\/\/editions-midi.com\/oc\/wp-json\/wp\/v2\/media?parent=1690"}],"wp:term":[{"taxonomy":"product_brand","embeddable":true,"href":"https:\/\/editions-midi.com\/oc\/wp-json\/wp\/v2\/product_brand?post=1690"},{"taxonomy":"product_cat","embeddable":true,"href":"https:\/\/editions-midi.com\/oc\/wp-json\/wp\/v2\/product_cat?post=1690"},{"taxonomy":"product_tag","embeddable":true,"href":"https:\/\/editions-midi.com\/oc\/wp-json\/wp\/v2\/product_tag?post=1690"}],"curies":[{"name":"wp","href":"https:\/\/api.w.org\/{rel}","templated":true}]}}