{"id":1090,"date":"2021-03-19T00:20:30","date_gmt":"2021-03-19T12:24:10","guid":{"rendered":"https:\/\/editions-midi.com\/?post_type=product&#038;p=1090"},"modified":"2021-03-19T14:18:56","modified_gmt":"2021-03-19T13:18:56","slug":"penequet","status":"publish","type":"product","link":"https:\/\/editions-midi.com\/oc\/produit\/penequet\/","title":{"rendered":"Penequet"},"content":{"rendered":"<p>Lou Radassi\u00e9, moud\u00e8le icouni d\u00f3u moubili\u00e9 prouven\u00e7au, sublima p\u00e8r pourgi un moud\u00e8lesubre-dimensiouna garni de sa moulounado de couissin. Soun biais generous vous counvido \u00e0fa miejour, un Penequet prouven\u00e7au. Lou Radassi\u00e9 es sublima dins sa versioun tapissado, uncanap\u00e8 i dimensioun generouso for\u00e7o counfourtablo, garni d\u2019uno moulounado de couissin.Gaubeja  artisanalamen  en  Prouv\u00e8n\u00e7o,  uno  obro  de  mountage  magnifico  de  roure  naturautapissa d\u2019un teissut de lano e alpaga. Uno counvidacioun p\u00e8r faire uno pichoto dourmido, un Penequet prouven\u00e7au.   <\/p>\n","protected":false},"excerpt":{"rendered":"<p><strong>Finicioun <\/strong>: Roure massis e d\u2019un teissut de lano Pierre Frey<\/p>\n<p><strong>Dimensioun<\/strong> : L. 244 cm \u00d7 prouf. 68 cm \u00d7 Aut. 65 cm  <\/p>\n<p><strong>Ass\u00e8ti<\/strong> : Aut. 38 cm<\/p>\n<p><strong>Pes<\/strong> : 65 kg<\/p>\n","protected":false},"featured_media":2291,"template":"","meta":{"_acf_changed":false},"product_brand":[],"product_cat":[48],"product_tag":[],"class_list":{"0":"post-1090","1":"product","2":"type-product","3":"status-publish","4":"has-post-thumbnail","6":"product_cat-non-classe-oc","8":"first","9":"instock","10":"taxable","11":"shipping-taxable","12":"purchasable","13":"product-type-simple"},"acf":[],"yoast_head":"<!-- This site is optimized with the Yoast SEO plugin v27.2 - https:\/\/yoast.com\/product\/yoast-seo-wordpress\/ -->\n<title>Penequet - \u00e9ditions Midi<\/title>\n<meta name=\"robots\" content=\"index, follow, max-snippet:-1, max-image-preview:large, max-video-preview:-1\" \/>\n<link rel=\"canonical\" href=\"https:\/\/editions-midi.com\/produit\/penequet\/\" \/>\n<meta property=\"og:locale\" content=\"fr_FR\" \/>\n<meta property=\"og:type\" content=\"article\" \/>\n<meta property=\"og:title\" content=\"Penequet - \u00e9ditions Midi\" \/>\n<meta property=\"og:description\" content=\"Finicioun : Roure massis e d\u2019un teissut de lano Pierre Frey  Dimensioun : L. 244 cm \u00d7 prouf. 68 cm \u00d7 Aut. 65 cm   Ass\u00e8ti : Aut. 38 cm  Pes : 65 kg\" \/>\n<meta property=\"og:url\" content=\"https:\/\/editions-midi.com\/produit\/penequet\/\" \/>\n<meta property=\"og:site_name\" content=\"\u00e9ditions Midi\" \/>\n<meta property=\"article:modified_time\" content=\"2021-03-19T13:18:56+00:00\" \/>\n<meta property=\"og:image\" content=\"https:\/\/editions-midi.com\/wp-content\/uploads\/2024\/09\/HDlourmarin082505-01305-OK-V2-scaled.jpg\" \/>\n\t<meta property=\"og:image:width\" content=\"1921\" \/>\n\t<meta property=\"og:image:height\" content=\"2560\" \/>\n\t<meta property=\"og:image:type\" content=\"image\/jpeg\" \/>\n<meta name=\"twitter:card\" content=\"summary_large_image\" \/>\n<script type=\"application\/ld+json\" class=\"yoast-schema-graph\">{\"@context\":\"https:\/\/schema.org\",\"@graph\":[{\"@type\":\"WebPage\",\"@id\":\"https:\/\/editions-midi.com\/produit\/penequet\/\",\"url\":\"https:\/\/editions-midi.com\/produit\/penequet\/\",\"name\":\"Penequet - \u00e9ditions Midi\",\"isPartOf\":{\"@id\":\"https:\/\/editions-midi.com\/#website\"},\"primaryImageOfPage\":{\"@id\":\"https:\/\/editions-midi.com\/produit\/penequet\/#primaryimage\"},\"image\":{\"@id\":\"https:\/\/editions-midi.com\/produit\/penequet\/#primaryimage\"},\"thumbnailUrl\":\"https:\/\/editions-midi.com\/wp-content\/uploads\/2024\/09\/HDlourmarin082505-01305-OK-V2-scaled.jpg\",\"datePublished\":\"2021-03-19T12:24:10+00:00\",\"dateModified\":\"2021-03-19T13:18:56+00:00\",\"breadcrumb\":{\"@id\":\"https:\/\/editions-midi.com\/produit\/penequet\/#breadcrumb\"},\"inLanguage\":\"fr-OC\",\"potentialAction\":[{\"@type\":\"ReadAction\",\"target\":[\"https:\/\/editions-midi.com\/produit\/penequet\/\"]}]},{\"@type\":\"ImageObject\",\"inLanguage\":\"fr-OC\",\"@id\":\"https:\/\/editions-midi.com\/produit\/penequet\/#primaryimage\",\"url\":\"https:\/\/editions-midi.com\/wp-content\/uploads\/2024\/09\/HDlourmarin082505-01305-OK-V2-scaled.jpg\",\"contentUrl\":\"https:\/\/editions-midi.com\/wp-content\/uploads\/2024\/09\/HDlourmarin082505-01305-OK-V2-scaled.jpg\",\"width\":1921,\"height\":2560},{\"@type\":\"BreadcrumbList\",\"@id\":\"https:\/\/editions-midi.com\/produit\/penequet\/#breadcrumb\",\"itemListElement\":[{\"@type\":\"ListItem\",\"position\":1,\"name\":\"Accueil\",\"item\":\"https:\/\/editions-midi.com\/oc\/\"},{\"@type\":\"ListItem\",\"position\":2,\"name\":\"Edicioun\",\"item\":\"https:\/\/editions-midi.com\/oc\/\"},{\"@type\":\"ListItem\",\"position\":3,\"name\":\"Penequet\"}]},{\"@type\":\"WebSite\",\"@id\":\"https:\/\/editions-midi.com\/#website\",\"url\":\"https:\/\/editions-midi.com\/\",\"name\":\"Midi\",\"description\":\"Provence - Art de vivre - Artisanal\",\"publisher\":{\"@id\":\"https:\/\/editions-midi.com\/#organization\"},\"potentialAction\":[{\"@type\":\"SearchAction\",\"target\":{\"@type\":\"EntryPoint\",\"urlTemplate\":\"https:\/\/editions-midi.com\/?s={search_term_string}\"},\"query-input\":{\"@type\":\"PropertyValueSpecification\",\"valueRequired\":true,\"valueName\":\"search_term_string\"}}],\"inLanguage\":\"fr-OC\"},{\"@type\":\"Organization\",\"@id\":\"https:\/\/editions-midi.com\/#organization\",\"name\":\"Midi\",\"url\":\"https:\/\/editions-midi.com\/\",\"logo\":{\"@type\":\"ImageObject\",\"inLanguage\":\"fr-OC\",\"@id\":\"https:\/\/editions-midi.com\/#\/schema\/logo\/image\/\",\"url\":\"https:\/\/editions-midi.com\/wp-content\/uploads\/2020\/06\/Midi_paypal_logo-1.png\",\"contentUrl\":\"https:\/\/editions-midi.com\/wp-content\/uploads\/2020\/06\/Midi_paypal_logo-1.png\",\"width\":150,\"height\":50,\"caption\":\"Midi\"},\"image\":{\"@id\":\"https:\/\/editions-midi.com\/#\/schema\/logo\/image\/\"},\"sameAs\":[\"https:\/\/www.instagram.com\/_m.i.d.i_\/\",\"https:\/\/www.linkedin.com\/company\/editions-midi\/\"]}]}<\/script>\n<!-- \/ Yoast SEO plugin. -->","yoast_head_json":{"title":"Penequet - \u00e9ditions Midi","robots":{"index":"index","follow":"follow","max-snippet":"max-snippet:-1","max-image-preview":"max-image-preview:large","max-video-preview":"max-video-preview:-1"},"canonical":"https:\/\/editions-midi.com\/produit\/penequet\/","og_locale":"fr_FR","og_type":"article","og_title":"Penequet - \u00e9ditions Midi","og_description":"Finicioun : Roure massis e d\u2019un teissut de lano Pierre Frey  Dimensioun : L. 244 cm \u00d7 prouf. 68 cm \u00d7 Aut. 65 cm   Ass\u00e8ti : Aut. 38 cm  Pes : 65 kg","og_url":"https:\/\/editions-midi.com\/produit\/penequet\/","og_site_name":"\u00e9ditions Midi","article_modified_time":"2021-03-19T13:18:56+00:00","og_image":[{"width":1921,"height":2560,"url":"https:\/\/editions-midi.com\/wp-content\/uploads\/2024\/09\/HDlourmarin082505-01305-OK-V2-scaled.jpg","type":"image\/jpeg"}],"twitter_card":"summary_large_image","schema":{"@context":"https:\/\/schema.org","@graph":[{"@type":"WebPage","@id":"https:\/\/editions-midi.com\/produit\/penequet\/","url":"https:\/\/editions-midi.com\/produit\/penequet\/","name":"Penequet - \u00e9ditions Midi","isPartOf":{"@id":"https:\/\/editions-midi.com\/#website"},"primaryImageOfPage":{"@id":"https:\/\/editions-midi.com\/produit\/penequet\/#primaryimage"},"image":{"@id":"https:\/\/editions-midi.com\/produit\/penequet\/#primaryimage"},"thumbnailUrl":"https:\/\/editions-midi.com\/wp-content\/uploads\/2024\/09\/HDlourmarin082505-01305-OK-V2-scaled.jpg","datePublished":"2021-03-19T12:24:10+00:00","dateModified":"2021-03-19T13:18:56+00:00","breadcrumb":{"@id":"https:\/\/editions-midi.com\/produit\/penequet\/#breadcrumb"},"inLanguage":"fr-OC","potentialAction":[{"@type":"ReadAction","target":["https:\/\/editions-midi.com\/produit\/penequet\/"]}]},{"@type":"ImageObject","inLanguage":"fr-OC","@id":"https:\/\/editions-midi.com\/produit\/penequet\/#primaryimage","url":"https:\/\/editions-midi.com\/wp-content\/uploads\/2024\/09\/HDlourmarin082505-01305-OK-V2-scaled.jpg","contentUrl":"https:\/\/editions-midi.com\/wp-content\/uploads\/2024\/09\/HDlourmarin082505-01305-OK-V2-scaled.jpg","width":1921,"height":2560},{"@type":"BreadcrumbList","@id":"https:\/\/editions-midi.com\/produit\/penequet\/#breadcrumb","itemListElement":[{"@type":"ListItem","position":1,"name":"Accueil","item":"https:\/\/editions-midi.com\/oc\/"},{"@type":"ListItem","position":2,"name":"Edicioun","item":"https:\/\/editions-midi.com\/oc\/"},{"@type":"ListItem","position":3,"name":"Penequet"}]},{"@type":"WebSite","@id":"https:\/\/editions-midi.com\/#website","url":"https:\/\/editions-midi.com\/","name":"Midi","description":"Provence - Art de vivre - Artisanal","publisher":{"@id":"https:\/\/editions-midi.com\/#organization"},"potentialAction":[{"@type":"SearchAction","target":{"@type":"EntryPoint","urlTemplate":"https:\/\/editions-midi.com\/?s={search_term_string}"},"query-input":{"@type":"PropertyValueSpecification","valueRequired":true,"valueName":"search_term_string"}}],"inLanguage":"fr-OC"},{"@type":"Organization","@id":"https:\/\/editions-midi.com\/#organization","name":"Midi","url":"https:\/\/editions-midi.com\/","logo":{"@type":"ImageObject","inLanguage":"fr-OC","@id":"https:\/\/editions-midi.com\/#\/schema\/logo\/image\/","url":"https:\/\/editions-midi.com\/wp-content\/uploads\/2020\/06\/Midi_paypal_logo-1.png","contentUrl":"https:\/\/editions-midi.com\/wp-content\/uploads\/2020\/06\/Midi_paypal_logo-1.png","width":150,"height":50,"caption":"Midi"},"image":{"@id":"https:\/\/editions-midi.com\/#\/schema\/logo\/image\/"},"sameAs":["https:\/\/www.instagram.com\/_m.i.d.i_\/","https:\/\/www.linkedin.com\/company\/editions-midi\/"]}]}},"jetpack_sharing_enabled":true,"_links":{"self":[{"href":"https:\/\/editions-midi.com\/oc\/wp-json\/wp\/v2\/product\/1090","targetHints":{"allow":["GET"]}}],"collection":[{"href":"https:\/\/editions-midi.com\/oc\/wp-json\/wp\/v2\/product"}],"about":[{"href":"https:\/\/editions-midi.com\/oc\/wp-json\/wp\/v2\/types\/product"}],"wp:featuredmedia":[{"embeddable":true,"href":"https:\/\/editions-midi.com\/oc\/wp-json\/wp\/v2\/media\/2291"}],"wp:attachment":[{"href":"https:\/\/editions-midi.com\/oc\/wp-json\/wp\/v2\/media?parent=1090"}],"wp:term":[{"taxonomy":"product_brand","embeddable":true,"href":"https:\/\/editions-midi.com\/oc\/wp-json\/wp\/v2\/product_brand?post=1090"},{"taxonomy":"product_cat","embeddable":true,"href":"https:\/\/editions-midi.com\/oc\/wp-json\/wp\/v2\/product_cat?post=1090"},{"taxonomy":"product_tag","embeddable":true,"href":"https:\/\/editions-midi.com\/oc\/wp-json\/wp\/v2\/product_tag?post=1090"}],"curies":[{"name":"wp","href":"https:\/\/api.w.org\/{rel}","templated":true}]}}