{"id":1086,"date":"2021-03-19T13:12:25","date_gmt":"2021-03-19T12:24:46","guid":{"rendered":"https:\/\/editions-midi.com\/?post_type=product&#038;p=1086"},"modified":"2021-03-19T14:17:47","modified_gmt":"2021-03-19T13:17:47","slug":"ramo","status":"publish","type":"product","link":"https:\/\/editions-midi.com\/oc\/produit\/ramo\/","title":{"rendered":"Ramo"},"content":{"rendered":"<p>Lou gueridoun, Ramo, vo brancage, fa de betum, es gaubeja p\u00e8r l\u2019un di darri\u00e9s artisto roucaiaire en Fran\u00e7o \u00e0 Marsiho. Retipant la naturo, aquel art na\u00efve, for\u00e7o en vogo dins lis oustau prouven\u00e7au de la fin d\u00f3u si\u00e8cle XIXen, un pau \u00f3ublida, es aqui remes \u00e0 l\u2019ounour. Dins un biais mai de vuei, sa ligno esmerado es uno interpretacioun nouvel\u00e0ri de la roucaio. Moble d\u2019apoun, tabouret, aquelo p\u00e8\u00e7o de carat\u00e8re troubara sa pla\u00e7o autant b\u00e8n dedins que deforo. <\/p>\n","protected":false},"excerpt":{"rendered":"<p><strong>Finicioun<\/strong> : Roucaio de betum<\/p>\n<p><strong>Dimensioun<\/strong> : \u00d8 30 cm \u00d7 Aut. 45 cm<\/p>\n<p><strong>Pes<\/strong> : 23 kg<\/p>\n","protected":false},"featured_media":2297,"template":"","meta":{"_acf_changed":false},"product_brand":[],"product_cat":[48],"product_tag":[],"class_list":{"0":"post-1086","1":"product","2":"type-product","3":"status-publish","4":"has-post-thumbnail","6":"product_cat-non-classe-oc","7":"product_shipping_class-livraison-120-oc","9":"first","10":"instock","11":"taxable","12":"shipping-taxable","13":"purchasable","14":"product-type-simple"},"acf":[],"yoast_head":"<!-- This site is optimized with the Yoast SEO plugin v27.2 - https:\/\/yoast.com\/product\/yoast-seo-wordpress\/ -->\n<title>Ramo - \u00e9ditions Midi<\/title>\n<meta name=\"robots\" content=\"index, follow, max-snippet:-1, max-image-preview:large, max-video-preview:-1\" \/>\n<link rel=\"canonical\" href=\"https:\/\/editions-midi.com\/produit\/ramo\/\" \/>\n<meta property=\"og:locale\" content=\"fr_FR\" \/>\n<meta property=\"og:type\" content=\"article\" \/>\n<meta property=\"og:title\" content=\"Ramo - \u00e9ditions Midi\" \/>\n<meta property=\"og:description\" content=\"Finicioun : Roucaio de betum  Dimensioun : \u00d8 30 cm \u00d7 Aut. 45 cm  Pes : 23 kg\" \/>\n<meta property=\"og:url\" content=\"https:\/\/editions-midi.com\/produit\/ramo\/\" \/>\n<meta property=\"og:site_name\" content=\"\u00e9ditions Midi\" \/>\n<meta property=\"article:modified_time\" content=\"2021-03-19T13:17:47+00:00\" \/>\n<meta property=\"og:image\" content=\"https:\/\/editions-midi.com\/wp-content\/uploads\/2024\/09\/HDlourmarin085544-00998-OK-V2-scaled.jpg\" \/>\n\t<meta property=\"og:image:width\" content=\"1921\" \/>\n\t<meta property=\"og:image:height\" content=\"2560\" \/>\n\t<meta property=\"og:image:type\" content=\"image\/jpeg\" \/>\n<meta name=\"twitter:card\" content=\"summary_large_image\" \/>\n<script type=\"application\/ld+json\" class=\"yoast-schema-graph\">{\"@context\":\"https:\/\/schema.org\",\"@graph\":[{\"@type\":\"WebPage\",\"@id\":\"https:\/\/editions-midi.com\/produit\/ramo\/\",\"url\":\"https:\/\/editions-midi.com\/produit\/ramo\/\",\"name\":\"Ramo - \u00e9ditions Midi\",\"isPartOf\":{\"@id\":\"https:\/\/editions-midi.com\/#website\"},\"primaryImageOfPage\":{\"@id\":\"https:\/\/editions-midi.com\/produit\/ramo\/#primaryimage\"},\"image\":{\"@id\":\"https:\/\/editions-midi.com\/produit\/ramo\/#primaryimage\"},\"thumbnailUrl\":\"https:\/\/editions-midi.com\/wp-content\/uploads\/2024\/09\/HDlourmarin085544-00998-OK-V2-scaled.jpg\",\"datePublished\":\"2021-03-19T12:24:46+00:00\",\"dateModified\":\"2021-03-19T13:17:47+00:00\",\"breadcrumb\":{\"@id\":\"https:\/\/editions-midi.com\/produit\/ramo\/#breadcrumb\"},\"inLanguage\":\"fr-OC\",\"potentialAction\":[{\"@type\":\"ReadAction\",\"target\":[\"https:\/\/editions-midi.com\/produit\/ramo\/\"]}]},{\"@type\":\"ImageObject\",\"inLanguage\":\"fr-OC\",\"@id\":\"https:\/\/editions-midi.com\/produit\/ramo\/#primaryimage\",\"url\":\"https:\/\/editions-midi.com\/wp-content\/uploads\/2024\/09\/HDlourmarin085544-00998-OK-V2-scaled.jpg\",\"contentUrl\":\"https:\/\/editions-midi.com\/wp-content\/uploads\/2024\/09\/HDlourmarin085544-00998-OK-V2-scaled.jpg\",\"width\":1921,\"height\":2560},{\"@type\":\"BreadcrumbList\",\"@id\":\"https:\/\/editions-midi.com\/produit\/ramo\/#breadcrumb\",\"itemListElement\":[{\"@type\":\"ListItem\",\"position\":1,\"name\":\"Accueil\",\"item\":\"https:\/\/editions-midi.com\/oc\/\"},{\"@type\":\"ListItem\",\"position\":2,\"name\":\"Edicioun\",\"item\":\"https:\/\/editions-midi.com\/oc\/\"},{\"@type\":\"ListItem\",\"position\":3,\"name\":\"Ramo\"}]},{\"@type\":\"WebSite\",\"@id\":\"https:\/\/editions-midi.com\/#website\",\"url\":\"https:\/\/editions-midi.com\/\",\"name\":\"Midi\",\"description\":\"Provence - Art de vivre - Artisanal\",\"publisher\":{\"@id\":\"https:\/\/editions-midi.com\/#organization\"},\"potentialAction\":[{\"@type\":\"SearchAction\",\"target\":{\"@type\":\"EntryPoint\",\"urlTemplate\":\"https:\/\/editions-midi.com\/?s={search_term_string}\"},\"query-input\":{\"@type\":\"PropertyValueSpecification\",\"valueRequired\":true,\"valueName\":\"search_term_string\"}}],\"inLanguage\":\"fr-OC\"},{\"@type\":\"Organization\",\"@id\":\"https:\/\/editions-midi.com\/#organization\",\"name\":\"Midi\",\"url\":\"https:\/\/editions-midi.com\/\",\"logo\":{\"@type\":\"ImageObject\",\"inLanguage\":\"fr-OC\",\"@id\":\"https:\/\/editions-midi.com\/#\/schema\/logo\/image\/\",\"url\":\"https:\/\/editions-midi.com\/wp-content\/uploads\/2020\/06\/Midi_paypal_logo-1.png\",\"contentUrl\":\"https:\/\/editions-midi.com\/wp-content\/uploads\/2020\/06\/Midi_paypal_logo-1.png\",\"width\":150,\"height\":50,\"caption\":\"Midi\"},\"image\":{\"@id\":\"https:\/\/editions-midi.com\/#\/schema\/logo\/image\/\"},\"sameAs\":[\"https:\/\/www.instagram.com\/_m.i.d.i_\/\",\"https:\/\/www.linkedin.com\/company\/editions-midi\/\"]}]}<\/script>\n<!-- \/ Yoast SEO plugin. -->","yoast_head_json":{"title":"Ramo - \u00e9ditions Midi","robots":{"index":"index","follow":"follow","max-snippet":"max-snippet:-1","max-image-preview":"max-image-preview:large","max-video-preview":"max-video-preview:-1"},"canonical":"https:\/\/editions-midi.com\/produit\/ramo\/","og_locale":"fr_FR","og_type":"article","og_title":"Ramo - \u00e9ditions Midi","og_description":"Finicioun : Roucaio de betum  Dimensioun : \u00d8 30 cm \u00d7 Aut. 45 cm  Pes : 23 kg","og_url":"https:\/\/editions-midi.com\/produit\/ramo\/","og_site_name":"\u00e9ditions Midi","article_modified_time":"2021-03-19T13:17:47+00:00","og_image":[{"width":1921,"height":2560,"url":"https:\/\/editions-midi.com\/wp-content\/uploads\/2024\/09\/HDlourmarin085544-00998-OK-V2-scaled.jpg","type":"image\/jpeg"}],"twitter_card":"summary_large_image","schema":{"@context":"https:\/\/schema.org","@graph":[{"@type":"WebPage","@id":"https:\/\/editions-midi.com\/produit\/ramo\/","url":"https:\/\/editions-midi.com\/produit\/ramo\/","name":"Ramo - \u00e9ditions Midi","isPartOf":{"@id":"https:\/\/editions-midi.com\/#website"},"primaryImageOfPage":{"@id":"https:\/\/editions-midi.com\/produit\/ramo\/#primaryimage"},"image":{"@id":"https:\/\/editions-midi.com\/produit\/ramo\/#primaryimage"},"thumbnailUrl":"https:\/\/editions-midi.com\/wp-content\/uploads\/2024\/09\/HDlourmarin085544-00998-OK-V2-scaled.jpg","datePublished":"2021-03-19T12:24:46+00:00","dateModified":"2021-03-19T13:17:47+00:00","breadcrumb":{"@id":"https:\/\/editions-midi.com\/produit\/ramo\/#breadcrumb"},"inLanguage":"fr-OC","potentialAction":[{"@type":"ReadAction","target":["https:\/\/editions-midi.com\/produit\/ramo\/"]}]},{"@type":"ImageObject","inLanguage":"fr-OC","@id":"https:\/\/editions-midi.com\/produit\/ramo\/#primaryimage","url":"https:\/\/editions-midi.com\/wp-content\/uploads\/2024\/09\/HDlourmarin085544-00998-OK-V2-scaled.jpg","contentUrl":"https:\/\/editions-midi.com\/wp-content\/uploads\/2024\/09\/HDlourmarin085544-00998-OK-V2-scaled.jpg","width":1921,"height":2560},{"@type":"BreadcrumbList","@id":"https:\/\/editions-midi.com\/produit\/ramo\/#breadcrumb","itemListElement":[{"@type":"ListItem","position":1,"name":"Accueil","item":"https:\/\/editions-midi.com\/oc\/"},{"@type":"ListItem","position":2,"name":"Edicioun","item":"https:\/\/editions-midi.com\/oc\/"},{"@type":"ListItem","position":3,"name":"Ramo"}]},{"@type":"WebSite","@id":"https:\/\/editions-midi.com\/#website","url":"https:\/\/editions-midi.com\/","name":"Midi","description":"Provence - Art de vivre - Artisanal","publisher":{"@id":"https:\/\/editions-midi.com\/#organization"},"potentialAction":[{"@type":"SearchAction","target":{"@type":"EntryPoint","urlTemplate":"https:\/\/editions-midi.com\/?s={search_term_string}"},"query-input":{"@type":"PropertyValueSpecification","valueRequired":true,"valueName":"search_term_string"}}],"inLanguage":"fr-OC"},{"@type":"Organization","@id":"https:\/\/editions-midi.com\/#organization","name":"Midi","url":"https:\/\/editions-midi.com\/","logo":{"@type":"ImageObject","inLanguage":"fr-OC","@id":"https:\/\/editions-midi.com\/#\/schema\/logo\/image\/","url":"https:\/\/editions-midi.com\/wp-content\/uploads\/2020\/06\/Midi_paypal_logo-1.png","contentUrl":"https:\/\/editions-midi.com\/wp-content\/uploads\/2020\/06\/Midi_paypal_logo-1.png","width":150,"height":50,"caption":"Midi"},"image":{"@id":"https:\/\/editions-midi.com\/#\/schema\/logo\/image\/"},"sameAs":["https:\/\/www.instagram.com\/_m.i.d.i_\/","https:\/\/www.linkedin.com\/company\/editions-midi\/"]}]}},"jetpack_sharing_enabled":true,"_links":{"self":[{"href":"https:\/\/editions-midi.com\/oc\/wp-json\/wp\/v2\/product\/1086","targetHints":{"allow":["GET"]}}],"collection":[{"href":"https:\/\/editions-midi.com\/oc\/wp-json\/wp\/v2\/product"}],"about":[{"href":"https:\/\/editions-midi.com\/oc\/wp-json\/wp\/v2\/types\/product"}],"wp:featuredmedia":[{"embeddable":true,"href":"https:\/\/editions-midi.com\/oc\/wp-json\/wp\/v2\/media\/2297"}],"wp:attachment":[{"href":"https:\/\/editions-midi.com\/oc\/wp-json\/wp\/v2\/media?parent=1086"}],"wp:term":[{"taxonomy":"product_brand","embeddable":true,"href":"https:\/\/editions-midi.com\/oc\/wp-json\/wp\/v2\/product_brand?post=1086"},{"taxonomy":"product_cat","embeddable":true,"href":"https:\/\/editions-midi.com\/oc\/wp-json\/wp\/v2\/product_cat?post=1086"},{"taxonomy":"product_tag","embeddable":true,"href":"https:\/\/editions-midi.com\/oc\/wp-json\/wp\/v2\/product_tag?post=1086"}],"curies":[{"name":"wp","href":"https:\/\/api.w.org\/{rel}","templated":true}]}}