{"id":316,"date":"2020-05-19T10:26:51","date_gmt":"2020-05-19T08:26:51","guid":{"rendered":"https:\/\/editions-midi.com\/page-d-exemple\/"},"modified":"2020-06-29T12:23:09","modified_gmt":"2020-06-29T10:23:09","slug":"estudio","status":"publish","type":"page","link":"https:\/\/editions-midi.com\/oc\/estudio\/","title":{"rendered":"Estudi\u00f2"},"content":{"rendered":"\n<div class=\"wp-block-columns is-layout-flex wp-container-core-columns-is-layout-9d6595d7 wp-block-columns-is-layout-flex\">\n<div class=\"wp-block-column is-layout-flow wp-block-column-is-layout-flow\" style=\"flex-basis:66.66%\">\n<figure class=\"wp-block-image size-large em_autoheight\"><img decoding=\"async\" src=\"https:\/\/editions-midi.com\/wp-content\/uploads\/2020\/06\/Editions_midi_8_v2_Radassie.jpg\" alt=\"\" class=\"wp-image-208\"\/><\/figure>\n<\/div>\n\n\n\n<div class=\"wp-block-column is-layout-flow wp-block-column-is-layout-flow\" style=\"flex-basis:33.33%\">\n<h1 class=\"wp-block-heading\">Estudi\u00f2<\/h1>\n\n\n\n<p>Coume degun autre, sus-mesuro, de bello coutr\u00eco em\u00e9 n\u00f2sti mesteirau, Midi Estudi\u00f2 vous acoumpagno dins v\u00f2stis esp\u00e8ro.<\/p>\n\n\n\n<p>Particuli\u00e9, archit\u00e8ite, decouraire, prescriptour, oustali\u00e9, agensaire, Midi Estudi\u00f2 vous porge de coumpet\u00e8nci en architeituro d\u00f3u dedins, lou meiour de l\u2019agensamen prouven\u00e7au de vuei p\u00e8r t\u00f3uti v\u00f2sti prouj\u00e8t : Oustau, Bastido, Bastidoun, Cabanoun, Apartamen, Oustalari\u00e9, Boutigo, Restaurant \u2026<\/p>\n\n\n\n<p>P\u00e8r mounta v\u00f2sti prouj\u00e8t, vous prepausan :<\/p>\n\n\n\n<ul class=\"wp-block-list\"><li>APS, Plan d\u2019agensamen respetous d\u00f3u biais particuli\u00e9 dis esp\u00e0ci<\/li><li>Proupousicioun e chausido d\u00f3u moubili\u00e9 emai dis acess\u00f2ri&nbsp;<\/li><li>Devis e delai persounalisa<\/li><\/ul>\n\n\n\n<p>Z\u00f3u&nbsp;! Vaqui coume prendre lingo em\u00e9 nautre :<\/p>\n\n\n<a href=\"mailto:&#99;ont&#97;ct&#64;edit&#105;&#111;n&#115;&#45;&#109;i&#100;i.c&#111;&#109;\">c&#111;nt&#97;ct&#64;ed&#105;ti&#111;ns&#45;&#109;&#105;&#100;i.c&#111;m<\/a>\n<\/div>\n<\/div>\n","protected":false},"excerpt":{"rendered":"<p>Estudi\u00f2 Coume degun autre, sus-mesuro, de bello coutr\u00eco em\u00e9 n\u00f2sti mesteirau, Midi Estudi\u00f2 vous acoumpagno dins v\u00f2stis esp\u00e8ro. Particuli\u00e9, archit\u00e8ite, decouraire, prescriptour, oustali\u00e9, agensaire, Midi Estudi\u00f2 vous porge de coumpet\u00e8nci en architeituro d\u00f3u dedins, lou meiour de l\u2019agensamen prouven\u00e7au de vuei p\u00e8r t\u00f3uti v\u00f2sti prouj\u00e8t : Oustau, Bastido, Bastidoun, Cabanoun, Apartamen, Oustalari\u00e9, Boutigo, Restaurant \u2026 [&hellip;]<\/p>\n","protected":false},"author":1,"featured_media":0,"parent":0,"menu_order":1,"comment_status":"closed","ping_status":"closed","template":"template-page-studio.php","meta":{"_acf_changed":false,"footnotes":""},"class_list":["post-316","page","type-page","status-publish","hentry"],"acf":[],"yoast_head":"<!-- This site is optimized with the Yoast SEO plugin v27.2 - https:\/\/yoast.com\/product\/yoast-seo-wordpress\/ -->\n<title>Estudi\u00f2 - \u00e9ditions Midi<\/title>\n<meta name=\"robots\" content=\"index, follow, max-snippet:-1, max-image-preview:large, max-video-preview:-1\" \/>\n<link rel=\"canonical\" href=\"https:\/\/editions-midi.com\/studio\/\" \/>\n<meta property=\"og:locale\" content=\"fr_FR\" \/>\n<meta property=\"og:type\" content=\"article\" \/>\n<meta property=\"og:title\" content=\"Estudi\u00f2 - \u00e9ditions Midi\" \/>\n<meta property=\"og:description\" content=\"Estudi\u00f2 Coume degun autre, sus-mesuro, de bello coutr\u00eco em\u00e9 n\u00f2sti mesteirau, Midi Estudi\u00f2 vous acoumpagno dins v\u00f2stis esp\u00e8ro. Particuli\u00e9, archit\u00e8ite, decouraire, prescriptour, oustali\u00e9, agensaire, Midi Estudi\u00f2 vous porge de coumpet\u00e8nci en architeituro d\u00f3u dedins, lou meiour de l\u2019agensamen prouven\u00e7au de vuei p\u00e8r t\u00f3uti v\u00f2sti prouj\u00e8t : Oustau, Bastido, Bastidoun, Cabanoun, Apartamen, Oustalari\u00e9, Boutigo, Restaurant \u2026 [&hellip;]\" \/>\n<meta property=\"og:url\" content=\"https:\/\/editions-midi.com\/studio\/\" \/>\n<meta property=\"og:site_name\" content=\"\u00e9ditions Midi\" \/>\n<meta property=\"article:modified_time\" content=\"2020-06-29T10:23:09+00:00\" \/>\n<meta property=\"og:image\" content=\"https:\/\/editions-midi.com\/wp-content\/uploads\/2020\/06\/Editions_midi_8_v2_Radassie-scaled.jpg\" \/>\n\t<meta property=\"og:image:width\" content=\"2048\" \/>\n\t<meta property=\"og:image:height\" content=\"2560\" \/>\n\t<meta property=\"og:image:type\" content=\"image\/jpeg\" \/>\n<meta name=\"twitter:card\" content=\"summary_large_image\" \/>\n<meta name=\"twitter:label1\" content=\"Est. reading time\" \/>\n\t<meta name=\"twitter:data1\" content=\"1 minute\" \/>\n<script type=\"application\/ld+json\" class=\"yoast-schema-graph\">{\"@context\":\"https:\/\/schema.org\",\"@graph\":[{\"@type\":\"WebPage\",\"@id\":\"https:\/\/editions-midi.com\/studio\/\",\"url\":\"https:\/\/editions-midi.com\/studio\/\",\"name\":\"Estudi\u00f2 - \u00e9ditions Midi\",\"isPartOf\":{\"@id\":\"https:\/\/editions-midi.com\/#website\"},\"primaryImageOfPage\":{\"@id\":\"https:\/\/editions-midi.com\/studio\/#primaryimage\"},\"image\":{\"@id\":\"https:\/\/editions-midi.com\/studio\/#primaryimage\"},\"thumbnailUrl\":\"https:\/\/editions-midi.com\/wp-content\/uploads\/2020\/06\/Editions_midi_8_v2_Radassie.jpg\",\"datePublished\":\"2020-05-19T08:26:51+00:00\",\"dateModified\":\"2020-06-29T10:23:09+00:00\",\"breadcrumb\":{\"@id\":\"https:\/\/editions-midi.com\/studio\/#breadcrumb\"},\"inLanguage\":\"fr-OC\",\"potentialAction\":[{\"@type\":\"ReadAction\",\"target\":[\"https:\/\/editions-midi.com\/studio\/\"]}]},{\"@type\":\"ImageObject\",\"inLanguage\":\"fr-OC\",\"@id\":\"https:\/\/editions-midi.com\/studio\/#primaryimage\",\"url\":\"https:\/\/editions-midi.com\/wp-content\/uploads\/2020\/06\/Editions_midi_8_v2_Radassie.jpg\",\"contentUrl\":\"https:\/\/editions-midi.com\/wp-content\/uploads\/2020\/06\/Editions_midi_8_v2_Radassie.jpg\"},{\"@type\":\"BreadcrumbList\",\"@id\":\"https:\/\/editions-midi.com\/studio\/#breadcrumb\",\"itemListElement\":[{\"@type\":\"ListItem\",\"position\":1,\"name\":\"Accueil\",\"item\":\"https:\/\/editions-midi.com\/oc\/\"},{\"@type\":\"ListItem\",\"position\":2,\"name\":\"Estudi\u00f2\"}]},{\"@type\":\"WebSite\",\"@id\":\"https:\/\/editions-midi.com\/#website\",\"url\":\"https:\/\/editions-midi.com\/\",\"name\":\"Midi\",\"description\":\"Provence - Art de vivre - Artisanal\",\"publisher\":{\"@id\":\"https:\/\/editions-midi.com\/#organization\"},\"potentialAction\":[{\"@type\":\"SearchAction\",\"target\":{\"@type\":\"EntryPoint\",\"urlTemplate\":\"https:\/\/editions-midi.com\/?s={search_term_string}\"},\"query-input\":{\"@type\":\"PropertyValueSpecification\",\"valueRequired\":true,\"valueName\":\"search_term_string\"}}],\"inLanguage\":\"fr-OC\"},{\"@type\":\"Organization\",\"@id\":\"https:\/\/editions-midi.com\/#organization\",\"name\":\"Midi\",\"url\":\"https:\/\/editions-midi.com\/\",\"logo\":{\"@type\":\"ImageObject\",\"inLanguage\":\"fr-OC\",\"@id\":\"https:\/\/editions-midi.com\/#\/schema\/logo\/image\/\",\"url\":\"https:\/\/editions-midi.com\/wp-content\/uploads\/2020\/06\/Midi_paypal_logo-1.png\",\"contentUrl\":\"https:\/\/editions-midi.com\/wp-content\/uploads\/2020\/06\/Midi_paypal_logo-1.png\",\"width\":150,\"height\":50,\"caption\":\"Midi\"},\"image\":{\"@id\":\"https:\/\/editions-midi.com\/#\/schema\/logo\/image\/\"},\"sameAs\":[\"https:\/\/www.instagram.com\/_m.i.d.i_\/\",\"https:\/\/www.linkedin.com\/company\/editions-midi\/\"]}]}<\/script>\n<!-- \/ Yoast SEO plugin. -->","yoast_head_json":{"title":"Estudi\u00f2 - \u00e9ditions Midi","robots":{"index":"index","follow":"follow","max-snippet":"max-snippet:-1","max-image-preview":"max-image-preview:large","max-video-preview":"max-video-preview:-1"},"canonical":"https:\/\/editions-midi.com\/studio\/","og_locale":"fr_FR","og_type":"article","og_title":"Estudi\u00f2 - \u00e9ditions Midi","og_description":"Estudi\u00f2 Coume degun autre, sus-mesuro, de bello coutr\u00eco em\u00e9 n\u00f2sti mesteirau, Midi Estudi\u00f2 vous acoumpagno dins v\u00f2stis esp\u00e8ro. Particuli\u00e9, archit\u00e8ite, decouraire, prescriptour, oustali\u00e9, agensaire, Midi Estudi\u00f2 vous porge de coumpet\u00e8nci en architeituro d\u00f3u dedins, lou meiour de l\u2019agensamen prouven\u00e7au de vuei p\u00e8r t\u00f3uti v\u00f2sti prouj\u00e8t : Oustau, Bastido, Bastidoun, Cabanoun, Apartamen, Oustalari\u00e9, Boutigo, Restaurant \u2026 [&hellip;]","og_url":"https:\/\/editions-midi.com\/studio\/","og_site_name":"\u00e9ditions Midi","article_modified_time":"2020-06-29T10:23:09+00:00","og_image":[{"width":2048,"height":2560,"url":"https:\/\/editions-midi.com\/wp-content\/uploads\/2020\/06\/Editions_midi_8_v2_Radassie-scaled.jpg","type":"image\/jpeg"}],"twitter_card":"summary_large_image","twitter_misc":{"Est. reading time":"1 minute"},"schema":{"@context":"https:\/\/schema.org","@graph":[{"@type":"WebPage","@id":"https:\/\/editions-midi.com\/studio\/","url":"https:\/\/editions-midi.com\/studio\/","name":"Estudi\u00f2 - \u00e9ditions Midi","isPartOf":{"@id":"https:\/\/editions-midi.com\/#website"},"primaryImageOfPage":{"@id":"https:\/\/editions-midi.com\/studio\/#primaryimage"},"image":{"@id":"https:\/\/editions-midi.com\/studio\/#primaryimage"},"thumbnailUrl":"https:\/\/editions-midi.com\/wp-content\/uploads\/2020\/06\/Editions_midi_8_v2_Radassie.jpg","datePublished":"2020-05-19T08:26:51+00:00","dateModified":"2020-06-29T10:23:09+00:00","breadcrumb":{"@id":"https:\/\/editions-midi.com\/studio\/#breadcrumb"},"inLanguage":"fr-OC","potentialAction":[{"@type":"ReadAction","target":["https:\/\/editions-midi.com\/studio\/"]}]},{"@type":"ImageObject","inLanguage":"fr-OC","@id":"https:\/\/editions-midi.com\/studio\/#primaryimage","url":"https:\/\/editions-midi.com\/wp-content\/uploads\/2020\/06\/Editions_midi_8_v2_Radassie.jpg","contentUrl":"https:\/\/editions-midi.com\/wp-content\/uploads\/2020\/06\/Editions_midi_8_v2_Radassie.jpg"},{"@type":"BreadcrumbList","@id":"https:\/\/editions-midi.com\/studio\/#breadcrumb","itemListElement":[{"@type":"ListItem","position":1,"name":"Accueil","item":"https:\/\/editions-midi.com\/oc\/"},{"@type":"ListItem","position":2,"name":"Estudi\u00f2"}]},{"@type":"WebSite","@id":"https:\/\/editions-midi.com\/#website","url":"https:\/\/editions-midi.com\/","name":"Midi","description":"Provence - Art de vivre - Artisanal","publisher":{"@id":"https:\/\/editions-midi.com\/#organization"},"potentialAction":[{"@type":"SearchAction","target":{"@type":"EntryPoint","urlTemplate":"https:\/\/editions-midi.com\/?s={search_term_string}"},"query-input":{"@type":"PropertyValueSpecification","valueRequired":true,"valueName":"search_term_string"}}],"inLanguage":"fr-OC"},{"@type":"Organization","@id":"https:\/\/editions-midi.com\/#organization","name":"Midi","url":"https:\/\/editions-midi.com\/","logo":{"@type":"ImageObject","inLanguage":"fr-OC","@id":"https:\/\/editions-midi.com\/#\/schema\/logo\/image\/","url":"https:\/\/editions-midi.com\/wp-content\/uploads\/2020\/06\/Midi_paypal_logo-1.png","contentUrl":"https:\/\/editions-midi.com\/wp-content\/uploads\/2020\/06\/Midi_paypal_logo-1.png","width":150,"height":50,"caption":"Midi"},"image":{"@id":"https:\/\/editions-midi.com\/#\/schema\/logo\/image\/"},"sameAs":["https:\/\/www.instagram.com\/_m.i.d.i_\/","https:\/\/www.linkedin.com\/company\/editions-midi\/"]}]}},"jetpack_sharing_enabled":true,"_links":{"self":[{"href":"https:\/\/editions-midi.com\/oc\/wp-json\/wp\/v2\/pages\/316","targetHints":{"allow":["GET"]}}],"collection":[{"href":"https:\/\/editions-midi.com\/oc\/wp-json\/wp\/v2\/pages"}],"about":[{"href":"https:\/\/editions-midi.com\/oc\/wp-json\/wp\/v2\/types\/page"}],"author":[{"embeddable":true,"href":"https:\/\/editions-midi.com\/oc\/wp-json\/wp\/v2\/users\/1"}],"replies":[{"embeddable":true,"href":"https:\/\/editions-midi.com\/oc\/wp-json\/wp\/v2\/comments?post=316"}],"version-history":[{"count":6,"href":"https:\/\/editions-midi.com\/oc\/wp-json\/wp\/v2\/pages\/316\/revisions"}],"predecessor-version":[{"id":2143,"href":"https:\/\/editions-midi.com\/oc\/wp-json\/wp\/v2\/pages\/316\/revisions\/2143"}],"wp:attachment":[{"href":"https:\/\/editions-midi.com\/oc\/wp-json\/wp\/v2\/media?parent=316"}],"curies":[{"name":"wp","href":"https:\/\/api.w.org\/{rel}","templated":true}]}}