{"id":1955,"date":"2023-09-10T16:01:42","date_gmt":"2023-09-10T14:01:43","guid":{"rendered":"https:\/\/editions-midi.com\/?post_type=product&#038;p=1955"},"modified":"2023-11-24T16:01:28","modified_gmt":"2023-11-24T15:01:28","slug":"ageinouiadou","status":"publish","type":"product","link":"https:\/\/editions-midi.com\/en\/produit\/ageinouiadou\/","title":{"rendered":"Ageinouiadou"},"content":{"rendered":"<p>This design is inspired by the wet nurse&#8217;s chair, characterized by a very low seat and a very high backrest. In the past, the wet nurses used this chair to feed the child by the fire or, more generally, to be at the child&#8217;s level. Some of these chairs could also serve as Prie-Dieu. Its numerous rungs allow you to hang and organize your clothes or towels. The <em>Ageinouiadou<\/em>, \u201cPrie Dieu\u201d in Proven\u00e7al, can be placed near the bed or in the bathroom.<\/p>\n","protected":false},"excerpt":{"rendered":"<p><strong>Finish<\/strong> : Solid oak and natural straw<\/p>\n<p><strong>Dimensions <\/strong>: W 55 cm \u00d7 D 53 cm \u00d7 H 80 cm [***]<\/p>\n<p><strong>Armrest<\/strong>: H. 67 cm<\/p>\n<p><strong>Seat <\/strong>: H. 45 cm<\/p>\n<p><strong>Weight<\/strong> : 6 kg<\/p>\n","protected":false},"featured_media":2347,"template":"","meta":{"_acf_changed":false},"product_brand":[],"product_cat":[47],"product_tag":[],"class_list":{"0":"post-1955","1":"product","2":"type-product","3":"status-publish","4":"has-post-thumbnail","6":"product_cat-non-classe-en","8":"first","9":"instock","10":"taxable","11":"shipping-taxable","12":"purchasable","13":"product-type-simple"},"acf":[],"yoast_head":"<!-- This site is optimized with the Yoast SEO plugin v27.2 - https:\/\/yoast.com\/product\/yoast-seo-wordpress\/ -->\n<title>Ageinouiadou - \u00e9ditions Midi<\/title>\n<meta name=\"robots\" content=\"index, follow, max-snippet:-1, max-image-preview:large, max-video-preview:-1\" \/>\n<link rel=\"canonical\" href=\"https:\/\/editions-midi.com\/produit\/ageinouiadou\/\" \/>\n<meta property=\"og:locale\" content=\"en_US\" \/>\n<meta property=\"og:type\" content=\"article\" \/>\n<meta property=\"og:title\" content=\"Ageinouiadou - \u00e9ditions Midi\" \/>\n<meta property=\"og:description\" content=\"Finish : Solid oak and natural straw  Dimensions : W 55 cm \u00d7 D 53 cm \u00d7 H 80 cm [***]  Armrest: H. 67 cm  Seat : H. 45 cm  Weight : 6 kg\" \/>\n<meta property=\"og:url\" content=\"https:\/\/editions-midi.com\/produit\/ageinouiadou\/\" \/>\n<meta property=\"og:site_name\" content=\"\u00e9ditions Midi\" \/>\n<meta property=\"article:modified_time\" content=\"2023-11-24T15:01:28+00:00\" \/>\n<meta property=\"og:image\" content=\"https:\/\/editions-midi.com\/wp-content\/uploads\/2024\/09\/HDlourmarin113759-01127-OK-V2-scaled.jpg\" \/>\n\t<meta property=\"og:image:width\" content=\"1922\" \/>\n\t<meta property=\"og:image:height\" content=\"2560\" \/>\n\t<meta property=\"og:image:type\" content=\"image\/jpeg\" \/>\n<meta name=\"twitter:card\" content=\"summary_large_image\" \/>\n<script type=\"application\/ld+json\" class=\"yoast-schema-graph\">{\"@context\":\"https:\/\/schema.org\",\"@graph\":[{\"@type\":\"WebPage\",\"@id\":\"https:\/\/editions-midi.com\/produit\/ageinouiadou\/\",\"url\":\"https:\/\/editions-midi.com\/produit\/ageinouiadou\/\",\"name\":\"Ageinouiadou - \u00e9ditions Midi\",\"isPartOf\":{\"@id\":\"https:\/\/editions-midi.com\/#website\"},\"primaryImageOfPage\":{\"@id\":\"https:\/\/editions-midi.com\/produit\/ageinouiadou\/#primaryimage\"},\"image\":{\"@id\":\"https:\/\/editions-midi.com\/produit\/ageinouiadou\/#primaryimage\"},\"thumbnailUrl\":\"https:\/\/editions-midi.com\/wp-content\/uploads\/2024\/09\/HDlourmarin113759-01127-OK-V2-scaled.jpg\",\"datePublished\":\"2023-09-10T14:01:43+00:00\",\"dateModified\":\"2023-11-24T15:01:28+00:00\",\"breadcrumb\":{\"@id\":\"https:\/\/editions-midi.com\/produit\/ageinouiadou\/#breadcrumb\"},\"inLanguage\":\"en-US\",\"potentialAction\":[{\"@type\":\"ReadAction\",\"target\":[\"https:\/\/editions-midi.com\/produit\/ageinouiadou\/\"]}]},{\"@type\":\"ImageObject\",\"inLanguage\":\"en-US\",\"@id\":\"https:\/\/editions-midi.com\/produit\/ageinouiadou\/#primaryimage\",\"url\":\"https:\/\/editions-midi.com\/wp-content\/uploads\/2024\/09\/HDlourmarin113759-01127-OK-V2-scaled.jpg\",\"contentUrl\":\"https:\/\/editions-midi.com\/wp-content\/uploads\/2024\/09\/HDlourmarin113759-01127-OK-V2-scaled.jpg\",\"width\":1922,\"height\":2560},{\"@type\":\"BreadcrumbList\",\"@id\":\"https:\/\/editions-midi.com\/produit\/ageinouiadou\/#breadcrumb\",\"itemListElement\":[{\"@type\":\"ListItem\",\"position\":1,\"name\":\"Accueil\",\"item\":\"https:\/\/editions-midi.com\/en\/\"},{\"@type\":\"ListItem\",\"position\":2,\"name\":\"Editions\",\"item\":\"https:\/\/editions-midi.com\/en\/\"},{\"@type\":\"ListItem\",\"position\":3,\"name\":\"Ageinouiadou\"}]},{\"@type\":\"WebSite\",\"@id\":\"https:\/\/editions-midi.com\/#website\",\"url\":\"https:\/\/editions-midi.com\/\",\"name\":\"Midi\",\"description\":\"Provence - Art de vivre - Artisanal\",\"publisher\":{\"@id\":\"https:\/\/editions-midi.com\/#organization\"},\"potentialAction\":[{\"@type\":\"SearchAction\",\"target\":{\"@type\":\"EntryPoint\",\"urlTemplate\":\"https:\/\/editions-midi.com\/?s={search_term_string}\"},\"query-input\":{\"@type\":\"PropertyValueSpecification\",\"valueRequired\":true,\"valueName\":\"search_term_string\"}}],\"inLanguage\":\"en-US\"},{\"@type\":\"Organization\",\"@id\":\"https:\/\/editions-midi.com\/#organization\",\"name\":\"Midi\",\"url\":\"https:\/\/editions-midi.com\/\",\"logo\":{\"@type\":\"ImageObject\",\"inLanguage\":\"en-US\",\"@id\":\"https:\/\/editions-midi.com\/#\/schema\/logo\/image\/\",\"url\":\"https:\/\/editions-midi.com\/wp-content\/uploads\/2020\/06\/Midi_paypal_logo-1.png\",\"contentUrl\":\"https:\/\/editions-midi.com\/wp-content\/uploads\/2020\/06\/Midi_paypal_logo-1.png\",\"width\":150,\"height\":50,\"caption\":\"Midi\"},\"image\":{\"@id\":\"https:\/\/editions-midi.com\/#\/schema\/logo\/image\/\"},\"sameAs\":[\"https:\/\/www.instagram.com\/_m.i.d.i_\/\",\"https:\/\/www.linkedin.com\/company\/editions-midi\/\"]}]}<\/script>\n<!-- \/ Yoast SEO plugin. -->","yoast_head_json":{"title":"Ageinouiadou - \u00e9ditions Midi","robots":{"index":"index","follow":"follow","max-snippet":"max-snippet:-1","max-image-preview":"max-image-preview:large","max-video-preview":"max-video-preview:-1"},"canonical":"https:\/\/editions-midi.com\/produit\/ageinouiadou\/","og_locale":"en_US","og_type":"article","og_title":"Ageinouiadou - \u00e9ditions Midi","og_description":"Finish : Solid oak and natural straw  Dimensions : W 55 cm \u00d7 D 53 cm \u00d7 H 80 cm [***]  Armrest: H. 67 cm  Seat : H. 45 cm  Weight : 6 kg","og_url":"https:\/\/editions-midi.com\/produit\/ageinouiadou\/","og_site_name":"\u00e9ditions Midi","article_modified_time":"2023-11-24T15:01:28+00:00","og_image":[{"width":1922,"height":2560,"url":"https:\/\/editions-midi.com\/wp-content\/uploads\/2024\/09\/HDlourmarin113759-01127-OK-V2-scaled.jpg","type":"image\/jpeg"}],"twitter_card":"summary_large_image","schema":{"@context":"https:\/\/schema.org","@graph":[{"@type":"WebPage","@id":"https:\/\/editions-midi.com\/produit\/ageinouiadou\/","url":"https:\/\/editions-midi.com\/produit\/ageinouiadou\/","name":"Ageinouiadou - \u00e9ditions Midi","isPartOf":{"@id":"https:\/\/editions-midi.com\/#website"},"primaryImageOfPage":{"@id":"https:\/\/editions-midi.com\/produit\/ageinouiadou\/#primaryimage"},"image":{"@id":"https:\/\/editions-midi.com\/produit\/ageinouiadou\/#primaryimage"},"thumbnailUrl":"https:\/\/editions-midi.com\/wp-content\/uploads\/2024\/09\/HDlourmarin113759-01127-OK-V2-scaled.jpg","datePublished":"2023-09-10T14:01:43+00:00","dateModified":"2023-11-24T15:01:28+00:00","breadcrumb":{"@id":"https:\/\/editions-midi.com\/produit\/ageinouiadou\/#breadcrumb"},"inLanguage":"en-US","potentialAction":[{"@type":"ReadAction","target":["https:\/\/editions-midi.com\/produit\/ageinouiadou\/"]}]},{"@type":"ImageObject","inLanguage":"en-US","@id":"https:\/\/editions-midi.com\/produit\/ageinouiadou\/#primaryimage","url":"https:\/\/editions-midi.com\/wp-content\/uploads\/2024\/09\/HDlourmarin113759-01127-OK-V2-scaled.jpg","contentUrl":"https:\/\/editions-midi.com\/wp-content\/uploads\/2024\/09\/HDlourmarin113759-01127-OK-V2-scaled.jpg","width":1922,"height":2560},{"@type":"BreadcrumbList","@id":"https:\/\/editions-midi.com\/produit\/ageinouiadou\/#breadcrumb","itemListElement":[{"@type":"ListItem","position":1,"name":"Accueil","item":"https:\/\/editions-midi.com\/en\/"},{"@type":"ListItem","position":2,"name":"Editions","item":"https:\/\/editions-midi.com\/en\/"},{"@type":"ListItem","position":3,"name":"Ageinouiadou"}]},{"@type":"WebSite","@id":"https:\/\/editions-midi.com\/#website","url":"https:\/\/editions-midi.com\/","name":"Midi","description":"Provence - Art de vivre - Artisanal","publisher":{"@id":"https:\/\/editions-midi.com\/#organization"},"potentialAction":[{"@type":"SearchAction","target":{"@type":"EntryPoint","urlTemplate":"https:\/\/editions-midi.com\/?s={search_term_string}"},"query-input":{"@type":"PropertyValueSpecification","valueRequired":true,"valueName":"search_term_string"}}],"inLanguage":"en-US"},{"@type":"Organization","@id":"https:\/\/editions-midi.com\/#organization","name":"Midi","url":"https:\/\/editions-midi.com\/","logo":{"@type":"ImageObject","inLanguage":"en-US","@id":"https:\/\/editions-midi.com\/#\/schema\/logo\/image\/","url":"https:\/\/editions-midi.com\/wp-content\/uploads\/2020\/06\/Midi_paypal_logo-1.png","contentUrl":"https:\/\/editions-midi.com\/wp-content\/uploads\/2020\/06\/Midi_paypal_logo-1.png","width":150,"height":50,"caption":"Midi"},"image":{"@id":"https:\/\/editions-midi.com\/#\/schema\/logo\/image\/"},"sameAs":["https:\/\/www.instagram.com\/_m.i.d.i_\/","https:\/\/www.linkedin.com\/company\/editions-midi\/"]}]}},"jetpack_sharing_enabled":true,"_links":{"self":[{"href":"https:\/\/editions-midi.com\/en\/wp-json\/wp\/v2\/product\/1955","targetHints":{"allow":["GET"]}}],"collection":[{"href":"https:\/\/editions-midi.com\/en\/wp-json\/wp\/v2\/product"}],"about":[{"href":"https:\/\/editions-midi.com\/en\/wp-json\/wp\/v2\/types\/product"}],"wp:featuredmedia":[{"embeddable":true,"href":"https:\/\/editions-midi.com\/en\/wp-json\/wp\/v2\/media\/2347"}],"wp:attachment":[{"href":"https:\/\/editions-midi.com\/en\/wp-json\/wp\/v2\/media?parent=1955"}],"wp:term":[{"taxonomy":"product_brand","embeddable":true,"href":"https:\/\/editions-midi.com\/en\/wp-json\/wp\/v2\/product_brand?post=1955"},{"taxonomy":"product_cat","embeddable":true,"href":"https:\/\/editions-midi.com\/en\/wp-json\/wp\/v2\/product_cat?post=1955"},{"taxonomy":"product_tag","embeddable":true,"href":"https:\/\/editions-midi.com\/en\/wp-json\/wp\/v2\/product_tag?post=1955"}],"curies":[{"name":"wp","href":"https:\/\/api.w.org\/{rel}","templated":true}]}}