{"id":1084,"date":"2021-03-19T13:11:47","date_gmt":"2021-03-18T23:14:36","guid":{"rendered":"https:\/\/editions-midi.com\/?post_type=product&#038;p=1084"},"modified":"2021-03-24T15:12:38","modified_gmt":"2021-03-24T14:12:38","slug":"roucaio","status":"publish","type":"product","link":"https:\/\/editions-midi.com\/en\/produit\/roucaio\/","title":{"rendered":"Roucaio"},"content":{"rendered":"<p>In the 19th century, the Italian masons who settled in Provence brought with them the concrete faux bois technique, otherwise known as false wood.<br \/>\nThis na\u00efve and rustic ornamentation of nature in concrete added creative madness to the gardens of Provence. The table, Roucaio, \u201crocaille\u201d in Proven\u00e7al, revisits the concrete faux bois with its log tabletop and intertwined branches for legs.<br \/>\nMade by one of the remaining faux bois sculptors in Provence.<\/p>\n","protected":false},"excerpt":{"rendered":"<p><strong>Finish<\/strong> : Concrete faux bois<\/p>\n<p><strong>Dimensions<\/strong> : \u00d8 80 cm \u00d7 H 30 cm<\/p>\n<p><strong>Weight<\/strong> : 50 kg<\/p>\n","protected":false},"featured_media":2371,"template":"","meta":{"_acf_changed":false},"product_brand":[],"product_cat":[47],"product_tag":[],"class_list":{"0":"post-1084","1":"product","2":"type-product","3":"status-publish","4":"has-post-thumbnail","6":"product_cat-non-classe-en","7":"product_shipping_class-livraison-150-en","9":"first","10":"instock","11":"taxable","12":"shipping-taxable","13":"purchasable","14":"product-type-simple"},"acf":[],"yoast_head":"<!-- This site is optimized with the Yoast SEO plugin v27.2 - https:\/\/yoast.com\/product\/yoast-seo-wordpress\/ -->\n<title>Roucaio - \u00e9ditions Midi<\/title>\n<meta name=\"robots\" content=\"index, follow, max-snippet:-1, max-image-preview:large, max-video-preview:-1\" \/>\n<link rel=\"canonical\" href=\"https:\/\/editions-midi.com\/en\/produit\/roucaio\/\" \/>\n<meta property=\"og:locale\" content=\"en_US\" \/>\n<meta property=\"og:type\" content=\"article\" \/>\n<meta property=\"og:title\" content=\"Roucaio - \u00e9ditions Midi\" \/>\n<meta property=\"og:description\" content=\"Finish : Concrete faux bois  Dimensions : \u00d8 80 cm \u00d7 H 30 cm  Weight : 50 kg\" \/>\n<meta property=\"og:url\" content=\"https:\/\/editions-midi.com\/en\/produit\/roucaio\/\" \/>\n<meta property=\"og:site_name\" content=\"\u00e9ditions Midi\" \/>\n<meta property=\"article:modified_time\" content=\"2021-03-24T14:12:38+00:00\" \/>\n<meta property=\"og:image\" content=\"https:\/\/editions-midi.com\/wp-content\/uploads\/2024\/09\/HDlourmarin181942-01273-OK-V2-scaled.jpg\" \/>\n\t<meta property=\"og:image:width\" content=\"1921\" \/>\n\t<meta property=\"og:image:height\" content=\"2560\" \/>\n\t<meta property=\"og:image:type\" content=\"image\/jpeg\" \/>\n<meta name=\"twitter:card\" content=\"summary_large_image\" \/>\n<script type=\"application\/ld+json\" class=\"yoast-schema-graph\">{\"@context\":\"https:\/\/schema.org\",\"@graph\":[{\"@type\":\"WebPage\",\"@id\":\"https:\/\/editions-midi.com\/en\/produit\/roucaio\/\",\"url\":\"https:\/\/editions-midi.com\/en\/produit\/roucaio\/\",\"name\":\"Roucaio - \u00e9ditions Midi\",\"isPartOf\":{\"@id\":\"https:\/\/editions-midi.com\/#website\"},\"primaryImageOfPage\":{\"@id\":\"https:\/\/editions-midi.com\/en\/produit\/roucaio\/#primaryimage\"},\"image\":{\"@id\":\"https:\/\/editions-midi.com\/en\/produit\/roucaio\/#primaryimage\"},\"thumbnailUrl\":\"https:\/\/editions-midi.com\/wp-content\/uploads\/2024\/09\/HDlourmarin181942-01273-OK-V2-scaled.jpg\",\"datePublished\":\"2021-03-18T23:14:36+00:00\",\"dateModified\":\"2021-03-24T14:12:38+00:00\",\"breadcrumb\":{\"@id\":\"https:\/\/editions-midi.com\/en\/produit\/roucaio\/#breadcrumb\"},\"inLanguage\":\"en-US\",\"potentialAction\":[{\"@type\":\"ReadAction\",\"target\":[\"https:\/\/editions-midi.com\/en\/produit\/roucaio\/\"]}]},{\"@type\":\"ImageObject\",\"inLanguage\":\"en-US\",\"@id\":\"https:\/\/editions-midi.com\/en\/produit\/roucaio\/#primaryimage\",\"url\":\"https:\/\/editions-midi.com\/wp-content\/uploads\/2024\/09\/HDlourmarin181942-01273-OK-V2-scaled.jpg\",\"contentUrl\":\"https:\/\/editions-midi.com\/wp-content\/uploads\/2024\/09\/HDlourmarin181942-01273-OK-V2-scaled.jpg\",\"width\":1921,\"height\":2560},{\"@type\":\"BreadcrumbList\",\"@id\":\"https:\/\/editions-midi.com\/en\/produit\/roucaio\/#breadcrumb\",\"itemListElement\":[{\"@type\":\"ListItem\",\"position\":1,\"name\":\"Accueil\",\"item\":\"https:\/\/editions-midi.com\/en\/\"},{\"@type\":\"ListItem\",\"position\":2,\"name\":\"Editions\",\"item\":\"https:\/\/editions-midi.com\/en\/\"},{\"@type\":\"ListItem\",\"position\":3,\"name\":\"Roucaio\"}]},{\"@type\":\"WebSite\",\"@id\":\"https:\/\/editions-midi.com\/#website\",\"url\":\"https:\/\/editions-midi.com\/\",\"name\":\"Midi\",\"description\":\"Provence - Art de vivre - Artisanal\",\"publisher\":{\"@id\":\"https:\/\/editions-midi.com\/#organization\"},\"potentialAction\":[{\"@type\":\"SearchAction\",\"target\":{\"@type\":\"EntryPoint\",\"urlTemplate\":\"https:\/\/editions-midi.com\/?s={search_term_string}\"},\"query-input\":{\"@type\":\"PropertyValueSpecification\",\"valueRequired\":true,\"valueName\":\"search_term_string\"}}],\"inLanguage\":\"en-US\"},{\"@type\":\"Organization\",\"@id\":\"https:\/\/editions-midi.com\/#organization\",\"name\":\"Midi\",\"url\":\"https:\/\/editions-midi.com\/\",\"logo\":{\"@type\":\"ImageObject\",\"inLanguage\":\"en-US\",\"@id\":\"https:\/\/editions-midi.com\/#\/schema\/logo\/image\/\",\"url\":\"https:\/\/editions-midi.com\/wp-content\/uploads\/2020\/06\/Midi_paypal_logo-1.png\",\"contentUrl\":\"https:\/\/editions-midi.com\/wp-content\/uploads\/2020\/06\/Midi_paypal_logo-1.png\",\"width\":150,\"height\":50,\"caption\":\"Midi\"},\"image\":{\"@id\":\"https:\/\/editions-midi.com\/#\/schema\/logo\/image\/\"},\"sameAs\":[\"https:\/\/www.instagram.com\/_m.i.d.i_\/\",\"https:\/\/www.linkedin.com\/company\/editions-midi\/\"]}]}<\/script>\n<!-- \/ Yoast SEO plugin. -->","yoast_head_json":{"title":"Roucaio - \u00e9ditions Midi","robots":{"index":"index","follow":"follow","max-snippet":"max-snippet:-1","max-image-preview":"max-image-preview:large","max-video-preview":"max-video-preview:-1"},"canonical":"https:\/\/editions-midi.com\/en\/produit\/roucaio\/","og_locale":"en_US","og_type":"article","og_title":"Roucaio - \u00e9ditions Midi","og_description":"Finish : Concrete faux bois  Dimensions : \u00d8 80 cm \u00d7 H 30 cm  Weight : 50 kg","og_url":"https:\/\/editions-midi.com\/en\/produit\/roucaio\/","og_site_name":"\u00e9ditions Midi","article_modified_time":"2021-03-24T14:12:38+00:00","og_image":[{"width":1921,"height":2560,"url":"https:\/\/editions-midi.com\/wp-content\/uploads\/2024\/09\/HDlourmarin181942-01273-OK-V2-scaled.jpg","type":"image\/jpeg"}],"twitter_card":"summary_large_image","schema":{"@context":"https:\/\/schema.org","@graph":[{"@type":"WebPage","@id":"https:\/\/editions-midi.com\/en\/produit\/roucaio\/","url":"https:\/\/editions-midi.com\/en\/produit\/roucaio\/","name":"Roucaio - \u00e9ditions Midi","isPartOf":{"@id":"https:\/\/editions-midi.com\/#website"},"primaryImageOfPage":{"@id":"https:\/\/editions-midi.com\/en\/produit\/roucaio\/#primaryimage"},"image":{"@id":"https:\/\/editions-midi.com\/en\/produit\/roucaio\/#primaryimage"},"thumbnailUrl":"https:\/\/editions-midi.com\/wp-content\/uploads\/2024\/09\/HDlourmarin181942-01273-OK-V2-scaled.jpg","datePublished":"2021-03-18T23:14:36+00:00","dateModified":"2021-03-24T14:12:38+00:00","breadcrumb":{"@id":"https:\/\/editions-midi.com\/en\/produit\/roucaio\/#breadcrumb"},"inLanguage":"en-US","potentialAction":[{"@type":"ReadAction","target":["https:\/\/editions-midi.com\/en\/produit\/roucaio\/"]}]},{"@type":"ImageObject","inLanguage":"en-US","@id":"https:\/\/editions-midi.com\/en\/produit\/roucaio\/#primaryimage","url":"https:\/\/editions-midi.com\/wp-content\/uploads\/2024\/09\/HDlourmarin181942-01273-OK-V2-scaled.jpg","contentUrl":"https:\/\/editions-midi.com\/wp-content\/uploads\/2024\/09\/HDlourmarin181942-01273-OK-V2-scaled.jpg","width":1921,"height":2560},{"@type":"BreadcrumbList","@id":"https:\/\/editions-midi.com\/en\/produit\/roucaio\/#breadcrumb","itemListElement":[{"@type":"ListItem","position":1,"name":"Accueil","item":"https:\/\/editions-midi.com\/en\/"},{"@type":"ListItem","position":2,"name":"Editions","item":"https:\/\/editions-midi.com\/en\/"},{"@type":"ListItem","position":3,"name":"Roucaio"}]},{"@type":"WebSite","@id":"https:\/\/editions-midi.com\/#website","url":"https:\/\/editions-midi.com\/","name":"Midi","description":"Provence - Art de vivre - Artisanal","publisher":{"@id":"https:\/\/editions-midi.com\/#organization"},"potentialAction":[{"@type":"SearchAction","target":{"@type":"EntryPoint","urlTemplate":"https:\/\/editions-midi.com\/?s={search_term_string}"},"query-input":{"@type":"PropertyValueSpecification","valueRequired":true,"valueName":"search_term_string"}}],"inLanguage":"en-US"},{"@type":"Organization","@id":"https:\/\/editions-midi.com\/#organization","name":"Midi","url":"https:\/\/editions-midi.com\/","logo":{"@type":"ImageObject","inLanguage":"en-US","@id":"https:\/\/editions-midi.com\/#\/schema\/logo\/image\/","url":"https:\/\/editions-midi.com\/wp-content\/uploads\/2020\/06\/Midi_paypal_logo-1.png","contentUrl":"https:\/\/editions-midi.com\/wp-content\/uploads\/2020\/06\/Midi_paypal_logo-1.png","width":150,"height":50,"caption":"Midi"},"image":{"@id":"https:\/\/editions-midi.com\/#\/schema\/logo\/image\/"},"sameAs":["https:\/\/www.instagram.com\/_m.i.d.i_\/","https:\/\/www.linkedin.com\/company\/editions-midi\/"]}]}},"jetpack_sharing_enabled":true,"_links":{"self":[{"href":"https:\/\/editions-midi.com\/en\/wp-json\/wp\/v2\/product\/1084","targetHints":{"allow":["GET"]}}],"collection":[{"href":"https:\/\/editions-midi.com\/en\/wp-json\/wp\/v2\/product"}],"about":[{"href":"https:\/\/editions-midi.com\/en\/wp-json\/wp\/v2\/types\/product"}],"wp:featuredmedia":[{"embeddable":true,"href":"https:\/\/editions-midi.com\/en\/wp-json\/wp\/v2\/media\/2371"}],"wp:attachment":[{"href":"https:\/\/editions-midi.com\/en\/wp-json\/wp\/v2\/media?parent=1084"}],"wp:term":[{"taxonomy":"product_brand","embeddable":true,"href":"https:\/\/editions-midi.com\/en\/wp-json\/wp\/v2\/product_brand?post=1084"},{"taxonomy":"product_cat","embeddable":true,"href":"https:\/\/editions-midi.com\/en\/wp-json\/wp\/v2\/product_cat?post=1084"},{"taxonomy":"product_tag","embeddable":true,"href":"https:\/\/editions-midi.com\/en\/wp-json\/wp\/v2\/product_tag?post=1084"}],"curies":[{"name":"wp","href":"https:\/\/api.w.org\/{rel}","templated":true}]}}